{"id":7908,"date":"2020-12-22T17:04:46","date_gmt":"2020-12-22T16:04:46","guid":{"rendered":"https:\/\/kahimm.com\/?page_id=7908"},"modified":"2021-01-28T11:28:31","modified_gmt":"2021-01-28T10:28:31","slug":"lp-bousten2-communique-presse","status":"publish","type":"page","link":"https:\/\/www.kahimm.com\/fr\/lp-bousten2-communique-presse\/","title":{"rendered":"LP Bousten2 communique presse"},"content":{"rendered":"\r\n<div class=\"entry-content\">\r\n<p>Apr\u00e8s la r\u00e9ussite de la r\u00e9sidence <em><strong>\u00abBousten 1\u00bb<\/strong><\/em>, qui est en phase finale de finition et sera livr\u00e9e tr\u00e8s bient\u00f4t, nous avons lanc\u00e9 <em><strong>\u00abBousten 2\u00bb<\/strong><\/em>. Les r\u00e9servations ont commenc\u00e9 donc venez vite choisir l&rsquo;appartement de vos r\u00eaves \u00e0 quelques pas de la plage de <strong><em>Hammamet<\/em><\/strong>&#8230;<\/p>\r\n<a class=\"spec-link\" title=\"lien vers r\u00e9sidence bousten 2\" href=\"https:\/\/kahimm.com\/fr\/residence-bousten-2\/\">Visitez R\u00e9sidence Bousten 2 <\/a>\r\n<p><video src=\"https:\/\/kahimm.com\/Videos\/test\/R_I_Bousten.mp4\" poster=\"https:\/\/kahimm.com\/Videos\/test\/R_I_Bousten_V.jpg\" controls=\"controls\" width=\"300\" height=\"150\"><\/video><\/p>\r\n<p style=\"text-align: center;\">\u00a0<\/p>\r\n<div class=\"wp-block-columns\">\r\n<div class=\"wp-block-column\"><img decoding=\"async\" class=\"image-full center\" style=\"margin-left: auto; margin-right: auto;\" src=\"https:\/\/kahimm.com\/wp-content\/uploads\/2020\/09\/slider-banner-3-555x350-1.jpg\" alt=\"architecte kahloun immobili\u00e8re traitrent les plans des appartements des r\u00e9sidences\" width=\"75%\" height=\"auto\" \/><\/div>\r\n<div class=\"wp-block-column\">\r\n<h2 class=\"blog_title_custom\">S.K.I \u2026 IMMOBILIER BALN\u00c9AIRE<\/h2>\r\n<p><strong>Soci\u00e9t\u00e9 Kahloun Immobili\u00e8re<\/strong>\u00a0est une soci\u00e9t\u00e9 de promotion immobili\u00e8re. Son objectif est d\u2019offrir des logements de qualit\u00e9 qui assurent le confort, la s\u00e9curit\u00e9 et la satisfaction de ses clients, chose qui a fait de la SKI un acteur important et un leader dans le secteur de la\u00a0<strong>promotion immobili\u00e8re<\/strong>\u00a0en Tunisie. Notre soci\u00e9t\u00e9 de d\u00e9veloppement immobilier se sp\u00e9cialise dans le bord de mer \u00e0\u00a0<em>Hammamet<\/em>\u00a0et la r\u00e9gion de\u00a0<em>Sousse<\/em>\u00a0pr\u00e8s du Port\u00a0<em>El Kantaoui<\/em>.<\/p>\r\n<\/div>\r\n<\/div>\r\n<\/div>\r\n\r\n<h2 class=\"has-text-align-center wp-block-heading\" style=\"text-align: center;\"><strong>GALERIE PHOTOS<\/strong><\/h2>\r\n\r\n<div class=\"residence-photos\"><div class=\"carousel-slider-outer carousel-slider-outer-image-carousel carousel-slider-outer-6038\" style=\"--carousel-slider-nav-color:#f1f1f1;--carousel-slider-active-nav-color:#3a4d6a;--carousel-slider-arrow-size:48px;--carousel-slider-bullet-size:10px\">\n<div id=\"&#039;id-6038\" class=\"carousel-slider carousel-slider-6038 arrows-visibility-hover dots-visibility-hover arrows-inside dots-center dots-circle owl-carousel\" data-slide-type=\"image-carousel\" data-owl-settings='{\"nav\":true,\"dots\":true,\"slideBy\":1,\"stagePadding\":0,\"margin\":50,\"loop\":true,\"lazyLoad\":true,\"autoplay\":true,\"autoplayTimeout\":5000,\"autoplaySpeed\":5000,\"autoplayHoverPause\":true,\"autoWidth\":true,\"responsive\":{\"300\":{\"items\":1},\"576\":{\"items\":2},\"768\":{\"items\":2},\"1024\":{\"items\":3},\"1280\":{\"items\":4},\"1536\":{\"items\":5}}}'>\n<div class=\"carousel-slider__item\">\n\t<a class=\"magnific-popup\" href=\"https:\/\/www.kahimm.com\/wp-content\/uploads\/2020\/09\/porte-avec-arc-bloc-ab-bousten-ski.jpg\" data-width=\"350\" data-height=\"350\"><img class=\"owl-lazy\" data-src=\"https:\/\/www.kahimm.com\/wp-content\/uploads\/2020\/09\/porte-avec-arc-bloc-ab-bousten-ski.jpg\" alt=\"\"><div class=\"carousel-slider__caption\"><h4 class=\"title\">R\u00e9sidence Bousten<\/h4><p class=\"caption\">Porte avec arc Bloc AB<\/p><\/div><\/a><\/div>\n\n<div class=\"carousel-slider__item\">\n\t<a class=\"magnific-popup\" href=\"https:\/\/www.kahimm.com\/wp-content\/uploads\/2020\/09\/vue-deux-piscine-patio-bloc-b-bousten-ski.jpg\" data-width=\"350\" data-height=\"350\"><img class=\"owl-lazy\" data-src=\"https:\/\/www.kahimm.com\/wp-content\/uploads\/2020\/09\/vue-deux-piscine-patio-bloc-b-bousten-ski.jpg\" alt=\"\"><div class=\"carousel-slider__caption\"><h4 class=\"title\">R\u00e9sidence Bousten<\/h4><p class=\"caption\">2 piscines et patio bloc B<\/p><\/div><\/a><\/div>\n\n<div class=\"carousel-slider__item\">\n\t<a class=\"magnific-popup\" href=\"https:\/\/www.kahimm.com\/wp-content\/uploads\/2020\/09\/piscine-bloc-b-bousten-ski.jpg\" data-width=\"350\" data-height=\"350\"><img class=\"owl-lazy\" data-src=\"https:\/\/www.kahimm.com\/wp-content\/uploads\/2020\/09\/piscine-bloc-b-bousten-ski.jpg\" alt=\"\"><div class=\"carousel-slider__caption\"><h4 class=\"title\">R\u00e9sidence Bousten<\/h4><p class=\"caption\">Piscine bloc B<\/p><\/div><\/a><\/div>\n\n<div class=\"carousel-slider__item\">\n\t<a class=\"magnific-popup\" href=\"https:\/\/www.kahimm.com\/wp-content\/uploads\/2020\/09\/patio-bloc-a1-bousten-ski.jpg\" data-width=\"350\" data-height=\"350\"><img class=\"owl-lazy\" data-src=\"https:\/\/www.kahimm.com\/wp-content\/uploads\/2020\/09\/patio-bloc-a1-bousten-ski.jpg\" alt=\"\"><div class=\"carousel-slider__caption\"><h4 class=\"title\">R\u00e9sidence Bousten<\/h4><p class=\"caption\">Patio bloc A1<\/p><\/div><\/a><\/div>\n\n<div class=\"carousel-slider__item\">\n\t<a class=\"magnific-popup\" href=\"https:\/\/www.kahimm.com\/wp-content\/uploads\/2020\/09\/facade-laterale-bousten-ski.jpg\" data-width=\"350\" data-height=\"350\"><img class=\"owl-lazy\" data-src=\"https:\/\/www.kahimm.com\/wp-content\/uploads\/2020\/09\/facade-laterale-bousten-ski.jpg\" alt=\"\"><div class=\"carousel-slider__caption\"><h4 class=\"title\">R\u00e9sidence Bousten<\/h4><p class=\"caption\">Porte avec arc Bloc AB<\/p><\/div><\/a><\/div>\n\n<\/div><!-- .carousel-slider-6038 -->\n<\/div><!-- .carousel-slider-outer-6038 -->\n<\/div>","protected":false},"excerpt":{"rendered":"<p>Apr\u00e8s la r\u00e9ussite de la r\u00e9sidence \u00abBousten 1\u00bb, qui est en phase finale de finition et sera livr\u00e9e tr\u00e8s bient\u00f4t, nous avons lanc\u00e9 \u00abBousten 2\u00bb. Les r\u00e9servations ont commenc\u00e9 donc venez vite choisir l&rsquo;appartement de vos r\u00eaves \u00e0 quelques pas de la plage de Hammamet&#8230; Visitez R\u00e9sidence Bousten 2 \u00a0 S.K.I \u2026 IMMOBILIER BALN\u00c9AIRE Soci\u00e9t\u00e9 [&hellip;]<\/p>\n","protected":false},"author":24,"featured_media":0,"parent":0,"menu_order":0,"comment_status":"closed","ping_status":"closed","template":"","meta":{"footnotes":""},"class_list":["post-7908","page","type-page","status-publish","hentry"],"_links":{"self":[{"href":"https:\/\/www.kahimm.com\/fr\/wp-json\/wp\/v2\/pages\/7908","targetHints":{"allow":["GET"]}}],"collection":[{"href":"https:\/\/www.kahimm.com\/fr\/wp-json\/wp\/v2\/pages"}],"about":[{"href":"https:\/\/www.kahimm.com\/fr\/wp-json\/wp\/v2\/types\/page"}],"author":[{"embeddable":true,"href":"https:\/\/www.kahimm.com\/fr\/wp-json\/wp\/v2\/users\/24"}],"replies":[{"embeddable":true,"href":"https:\/\/www.kahimm.com\/fr\/wp-json\/wp\/v2\/comments?post=7908"}],"version-history":[{"count":30,"href":"https:\/\/www.kahimm.com\/fr\/wp-json\/wp\/v2\/pages\/7908\/revisions"}],"predecessor-version":[{"id":8680,"href":"https:\/\/www.kahimm.com\/fr\/wp-json\/wp\/v2\/pages\/7908\/revisions\/8680"}],"wp:attachment":[{"href":"https:\/\/www.kahimm.com\/fr\/wp-json\/wp\/v2\/media?parent=7908"}],"curies":[{"name":"wp","href":"https:\/\/api.w.org\/{rel}","templated":true}]}}