{"id":6775,"date":"2020-09-18T16:26:40","date_gmt":"2020-09-18T14:26:40","guid":{"rendered":"https:\/\/kahimm.com\/?page_id=6775"},"modified":"2020-09-18T16:27:43","modified_gmt":"2020-09-18T14:27:43","slug":"residence-amwej-2","status":"publish","type":"page","link":"https:\/\/www.kahimm.com\/fr\/residence-amwej-2\/","title":{"rendered":"Lp R\u00e9sidence AMWEJ"},"content":{"rendered":"<h2>NOUS CONSTRUISONS JUSQU&rsquo;AU BOUT DE VOS R\u00caVES !<\/h2>\n<p><strong>R\u00e9sidence AMWEJ<\/strong><br \/>\n<strong>\u00a0\u00bb Remise des cl\u00e9s imm\u00e9diate \u00ab\u00a0<\/strong><\/p>\n<p>Situ\u00e9e \u00e0 Chott Meriem pr\u00e8s du port El Kantaoui dans la r\u00e9gion de Sousse, la r\u00e9sidence Amwej vous offre du haut standing avec un choix d\u2019appartements allant du S+1 au S+3 directement en front de mer sur l\u2019une des plus belles plages de Tunisie, avec jardins, piscines et garage au sous-sol. La r\u00e9sidence est surveill\u00e9e et offre une finition haut de gamme.<\/p>\n<p><img loading=\"lazy\" decoding=\"async\" class=\"alignnone size-medium wp-image-6776\" src=\"https:\/\/kahimm.com\/wp-content\/uploads\/2020\/09\/t\u00e9l\u00e9chargement-1-2-300x221.jpg\" alt=\"\" width=\"300\" height=\"221\" srcset=\"https:\/\/www.kahimm.com\/wp-content\/uploads\/2020\/09\/t\u00e9l\u00e9chargement-1-2-300x221.jpg 300w, https:\/\/www.kahimm.com\/wp-content\/uploads\/2020\/09\/t\u00e9l\u00e9chargement-1-2.jpg 570w\" sizes=\"auto, (max-width: 300px) 100vw, 300px\" \/><\/p>\n<p style=\"font-weight: 400;\">Pour toute demande d\u2019informations, n&rsquo;h\u00e9sitez pas \u00e0 remplir le formulaire qui s\u2019affiche \u00e0 droite pour que l\u2019un de nos professionnels vous r\u00e9ponde par mail ou par t\u00e9l\u00e9phone.<\/p>\n<p style=\"font-weight: 400;\">Vous pouvez \u00e9galement programmer un rendez-vous selon la date de votre choix pour visiter nos appartements t\u00e9moins, ou bien cliquer sur la petite bulle en bas pour discuter directement avec l\u2019un de nos conseillers\u00a0.<\/p>\n<h3><a href=\"https:\/\/kahimm.com\/projets\/\">D\u00c9COUVREZ\u00a0\u00a0NOS PROJETS IMMOBILIERS\u00a0 !\u00a0<\/a><\/h3>\n<p style=\"text-align: center;\"><\/p>\n<p style=\"text-align: center;\"><br \/>\n<\/p>\n","protected":false},"excerpt":{"rendered":"<p>NOUS CONSTRUISONS JUSQU&rsquo;AU BOUT DE VOS R\u00caVES ! R\u00e9sidence AMWEJ \u00a0\u00bb Remise des cl\u00e9s imm\u00e9diate \u00ab\u00a0 Situ\u00e9e \u00e0 Chott Meriem pr\u00e8s du port El Kantaoui dans la r\u00e9gion de Sousse, la r\u00e9sidence Amwej vous offre du haut standing avec un choix d\u2019appartements allant du S+1 au S+3 directement en front de mer sur l\u2019une des [&hellip;]<\/p>\n","protected":false},"author":24,"featured_media":0,"parent":0,"menu_order":0,"comment_status":"closed","ping_status":"closed","template":"","meta":{"footnotes":""},"class_list":["post-6775","page","type-page","status-publish","hentry"],"_links":{"self":[{"href":"https:\/\/www.kahimm.com\/fr\/wp-json\/wp\/v2\/pages\/6775","targetHints":{"allow":["GET"]}}],"collection":[{"href":"https:\/\/www.kahimm.com\/fr\/wp-json\/wp\/v2\/pages"}],"about":[{"href":"https:\/\/www.kahimm.com\/fr\/wp-json\/wp\/v2\/types\/page"}],"author":[{"embeddable":true,"href":"https:\/\/www.kahimm.com\/fr\/wp-json\/wp\/v2\/users\/24"}],"replies":[{"embeddable":true,"href":"https:\/\/www.kahimm.com\/fr\/wp-json\/wp\/v2\/comments?post=6775"}],"version-history":[{"count":1,"href":"https:\/\/www.kahimm.com\/fr\/wp-json\/wp\/v2\/pages\/6775\/revisions"}],"predecessor-version":[{"id":6778,"href":"https:\/\/www.kahimm.com\/fr\/wp-json\/wp\/v2\/pages\/6775\/revisions\/6778"}],"wp:attachment":[{"href":"https:\/\/www.kahimm.com\/fr\/wp-json\/wp\/v2\/media?parent=6775"}],"curies":[{"name":"wp","href":"https:\/\/api.w.org\/{rel}","templated":true}]}}