{"id":5732,"date":"2020-09-08T17:09:46","date_gmt":"2020-09-08T15:09:46","guid":{"rendered":"https:\/\/kahimm.com\/?page_id=5732"},"modified":"2020-09-22T14:37:11","modified_gmt":"2020-09-22T12:37:11","slug":"specifications-residence-amwej","status":"publish","type":"page","link":"https:\/\/www.kahimm.com\/fr\/specifications-residence-amwej\/","title":{"rendered":"Specifications Residence Amwej"},"content":{"rendered":"\r\n<h2 class=\"wp-block-heading\">Descriptif des Ouvrages et des Espaces &#8211; R\u00e9sidence AMWEJ:<\/h2>\r\n \r\n<p>La \u00ab R\u00e9sidence AMWEJ \u00bb est \u00e9difi\u00e9e en front de mer sur la route qui longe la plage de Chott Meriem \u00e0 Sousse, \u00e0 quelques minutes du port el Kantaoui, c\u00e9l\u00e8bre pour ses sables blanc et ses vagues ondulantes. Le caract\u00e8re de la r\u00e9sidence est marqu\u00e9 par son haut standing, la fiabilit\u00e9 et la grande qualit\u00e9 des mat\u00e9riaux mis en \u0153uvre. De m\u00eame, l&rsquo;architecture de la r\u00e9sidence d\u00e9ploie un style contemporain \u00e9pur\u00e9. Les appartements disposent d&rsquo;un design exquis avec des espaces de vie spacieux, de grandes v\u00e9randas, des jardins et des piscines&#8230;<\/p>\r\n \r\n<p>\r\nCi-apr\u00e8s, nous proposons un descriptif des espaces, services et ouvrages qui seront mis en \u0153uvre:<\/p>\r\n\r\n \r\n<h2 class=\"wp-block-heading\">Seconds \u0153uvres et\u00a0 finitions:<\/h2>\r\n \r\n<ul class=\"wp-block-list\">\r\n \t<li>Rev\u00eatement des pi\u00e8ces \u00e0 vivre en gr\u00e8s dans la masse de premier choix.<\/li>\r\n \t<li>Seuils, sifflets et appuis de fen\u00eatres en marbre.<\/li>\r\n \t<li>Marches et contre marches des escaliers en marbre.<\/li>\r\n \t<li>Plinthes en gr\u00e8s dans la masse de premier choix.<\/li>\r\n \t<li>Rev\u00eatement mural localis\u00e9 en Backsplash pour les cuisines.<\/li>\r\n \t<li>Rev\u00eatement mural en fa\u00efence de premier choix pour les salles de bain et les salles d\u2019eau.<\/li>\r\n \t<li>Lustrage des rev\u00eatements en marbre.<\/li>\r\n \t<li>Staff partiel en pl\u00e2tre.<\/li>\r\n \t<li>Placards agenc\u00e9s dans toutes les chambres.<\/li>\r\n \t<li>Peinture \u00e0 l\u2019eau \u00e0 grande capacit\u00e9 de couverture.<\/li>\r\n \t<li>Menuiserie ext\u00e9rieure pour baies vitr\u00e9es, fen\u00eatres, porte-fen\u00eatre et portes de s\u00e9choirs en PVC.<\/li>\r\n \t<li>Volets roulants en PVC.<\/li>\r\n \t<li>Double vitrage.<\/li>\r\n \t<li>Motorisation des ouvertures des volets roulants pour les baies vitr\u00e9es.<\/li>\r\n \t<li>Portes int\u00e9rieures et placards en MDF stratifi\u00e9.<\/li>\r\n \t<li>Serrurerie et quincaillerie de haut de gamme respectant le style \u00e9pur\u00e9 et contemporain.<\/li>\r\n \t<li>Portes ext\u00e9rieures blind\u00e9es.<\/li>\r\n \t<li>Cuisines \u00e9quip\u00e9es (plaque, four et hotte) avec plan de travail en plaque de granit.<\/li>\r\n \t<li>Sanitaires de haut de gamme.<\/li>\r\n \t<li>Robinetterie de haut de gamme.<\/li>\r\n \t<li>Espaces paysagers et services communs:<\/li>\r\n \t<li>Piscines am\u00e9nag\u00e9es en fonction des cat\u00e9gories de baigneurs.<\/li>\r\n \t<li>Aires de d\u00e9tente et de promenades jalonn\u00e9es de jardins.<\/li>\r\n \t<li>Jardins annex\u00e9s aux appartements du RDC.<\/li>\r\n \t<li>Ascenseurs.<\/li>\r\n \t<li>Parking en sous-sol avec acc\u00e8s en rampes et porti\u00e8res t\u00e9l\u00e9command\u00e9es \u00e9lectroniquement.<\/li>\r\n \t<li>R\u00e9sidence t\u00e9l\u00e9-surveill\u00e9e par syst\u00e8me centralis\u00e9 de cam\u00e9ras.<\/li>\r\n \t<li>Interphone.<\/li>\r\n \t<li>R\u00e9sidence cl\u00f4tur\u00e9e et gard\u00e9e.<\/li>\r\n \t<li>Installation t\u00e9l\u00e9phonique.<\/li>\r\n \t<li>Wifi.<\/li>\r\n \t<li>Antenne parabolique num\u00e9rique collective.<\/li>\r\n \t<li>Climatisation et chauffage dans le salon et les chambres.<\/li>\r\n \t<li>Chaudi\u00e8re individuelle.<\/li>\r\n<\/ul>\r\n \r\n<h2 class=\"wp-block-heading\">Structurel:<\/h2>\r\n \r\n<ul class=\"wp-block-list\">\r\n \t<li>Structure en poteaux et poutres en b\u00e9ton arm\u00e9 avec planchers en corps creux.<\/li>\r\n \t<li>Sous-sol en voile de b\u00e9ton arm\u00e9.<\/li>\r\n \t<li>Ma\u00e7onnerie ext\u00e9rieure de briques c\u00e9ramiques majoritairement en double cloisons avec des plaques en polysty-r\u00e8ne expans\u00e9 assurant une isolation sonore et thermique.<\/li>\r\n \t<li>Enduits lisses avec finition au mastic bien soign\u00e9 pour tous les espaces int\u00e9rieurs de vie (chambres, d\u00e9gagements et salons).<\/li>\r\n \t<li>Etanch\u00e9it\u00e9 des terrasses en produits bitumineux.<\/li>\r\n \t<li>Chape arm\u00e9e liss\u00e9e en sous-sol destin\u00e9 au parking v\u00e9hiculaire des r\u00e9sidents.<\/li>\r\n<\/ul>\r\n \r\n<p>\r\nCes sp\u00e9cifications sont donn\u00e9es \u00e0 titre indicatif et peuvent \u00eatre l\u00e9g\u00e8rement modifi\u00e9s sans pr\u00e9avis ni obligation.\r\n<\/p>\r\n\r\n<p><a class=\"spec-link\" title=\"retour residence amwej\" href=\"https:\/\/kahimm.com\/residence-amwej\/\"> < Retour \u00e0 R\u00e9sidence Amwej<\/a><\/p>","protected":false},"excerpt":{"rendered":"<p>Descriptif des Ouvrages et des Espaces &#8211; R\u00e9sidence AMWEJ: La \u00ab R\u00e9sidence AMWEJ \u00bb est \u00e9difi\u00e9e en front de mer sur la route qui longe la plage de Chott Meriem \u00e0 Sousse, \u00e0 quelques minutes du port el Kantaoui, c\u00e9l\u00e8bre pour ses sables blanc et ses vagues ondulantes. Le caract\u00e8re de la r\u00e9sidence est marqu\u00e9 [&hellip;]<\/p>\n","protected":false},"author":24,"featured_media":0,"parent":0,"menu_order":0,"comment_status":"closed","ping_status":"closed","template":"templates\/template-full-width.php","meta":{"footnotes":""},"class_list":["post-5732","page","type-page","status-publish","hentry"],"_links":{"self":[{"href":"https:\/\/www.kahimm.com\/fr\/wp-json\/wp\/v2\/pages\/5732","targetHints":{"allow":["GET"]}}],"collection":[{"href":"https:\/\/www.kahimm.com\/fr\/wp-json\/wp\/v2\/pages"}],"about":[{"href":"https:\/\/www.kahimm.com\/fr\/wp-json\/wp\/v2\/types\/page"}],"author":[{"embeddable":true,"href":"https:\/\/www.kahimm.com\/fr\/wp-json\/wp\/v2\/users\/24"}],"replies":[{"embeddable":true,"href":"https:\/\/www.kahimm.com\/fr\/wp-json\/wp\/v2\/comments?post=5732"}],"version-history":[{"count":5,"href":"https:\/\/www.kahimm.com\/fr\/wp-json\/wp\/v2\/pages\/5732\/revisions"}],"predecessor-version":[{"id":6882,"href":"https:\/\/www.kahimm.com\/fr\/wp-json\/wp\/v2\/pages\/5732\/revisions\/6882"}],"wp:attachment":[{"href":"https:\/\/www.kahimm.com\/fr\/wp-json\/wp\/v2\/media?parent=5732"}],"curies":[{"name":"wp","href":"https:\/\/api.w.org\/{rel}","templated":true}]}}