{"id":54,"date":"2020-07-11T09:56:01","date_gmt":"2020-07-11T07:56:01","guid":{"rendered":"https:\/\/kahimm.com\/?page_id=54"},"modified":"2021-01-26T14:22:28","modified_gmt":"2021-01-26T13:22:28","slug":"residence-amwej","status":"publish","type":"page","link":"https:\/\/www.kahimm.com\/fr\/residence-amwej\/","title":{"rendered":"R\u00c9SIDENCE AMWEJ"},"content":{"rendered":"\r\n<div class=\"wp-block-media-text alignwide has-media-on-the-right is-stacked-on-mobile\">\r\n<figure class=\"wp-block-media-text__media\"><img loading=\"lazy\" decoding=\"async\" width=\"480\" height=\"250\" class=\"wp-image-333\" src=\"https:\/\/kahimm.com\/wp-content\/uploads\/2020\/07\/1531336393-480x250-1.png\" alt=\"\" srcset=\"https:\/\/www.kahimm.com\/wp-content\/uploads\/2020\/07\/1531336393-480x250-1.png 480w, https:\/\/www.kahimm.com\/wp-content\/uploads\/2020\/07\/1531336393-480x250-1-300x156.png 300w\" sizes=\"auto, (max-width: 480px) 100vw, 480px\" \/><\/figure>\r\n<div class=\"wp-block-media-text__content\">\r\n<p class=\"has-large-font-size\">Situ\u00e9e \u00e0 <em>Chott Meriem<\/em> pr\u00e8s du port <em>El Kantaoui<\/em> dans la r\u00e9gion de <em>Sousse<\/em>, la r<strong>\u00e9sidence Amwej\u00a0<\/strong> vous offre du <strong>haut standing<\/strong> avec un choix d\u2019<strong>appartements<\/strong> allant du S+1 au S+3 directement en front de mer sur l\u2019une des plus belles plages de <em>Tunisie<\/em>, avec jardins, piscines et garage au sous-sol.\u00a0 La r\u00e9sidence est surveill\u00e9e\u00a0 et offre une finition\u00a0 haut de gamme.<\/p>\r\n<\/div>\r\n<\/div>\r\n\r\n\r\n\r\n<h3 class=\"has-text-align-center\" style=\"text-align: center;\"><strong>VISITE VIRTUELLE<\/strong><\/h3>\r\n\r\n\r\n\r\n<figure class=\"wp-block-video\"><video src=\"https:\/\/www.kahimm.com\/wp-content\/uploads\/2020\/05\/V_R_Amwej.mp4\" poster=\"https:\/\/kahimm.com\/wp-content\/uploads\/2020\/05\/VI_R_Amwej.jpg\" controls=\"controls\" width=\"300\" height=\"150\"><\/video><\/figure>\r\n\r\n\r\n<center>\r\n<h3 style=\"text-align: center;\">Galerie Photos<\/h3>\r\n<\/center>\r\n<div class=\"residence-photos\"><div class=\"carousel-slider-outer carousel-slider-outer-image-carousel carousel-slider-outer-6044\" style=\"--carousel-slider-nav-color:#f1f1f1;--carousel-slider-active-nav-color:#3a4d6a;--carousel-slider-arrow-size:48px;--carousel-slider-bullet-size:10px\">\n<div id=\"&#039;id-6044\" class=\"carousel-slider carousel-slider-6044 arrows-visibility-hover dots-visibility-hover arrows-inside dots-center dots-circle owl-carousel\" data-slide-type=\"image-carousel\" data-owl-settings='{\"nav\":true,\"dots\":true,\"slideBy\":1,\"stagePadding\":0,\"margin\":50,\"loop\":true,\"lazyLoad\":true,\"autoplay\":true,\"autoplayTimeout\":5000,\"autoplaySpeed\":5000,\"autoplayHoverPause\":true,\"autoWidth\":true,\"responsive\":{\"300\":{\"items\":1},\"576\":{\"items\":2},\"768\":{\"items\":2},\"1024\":{\"items\":3},\"1280\":{\"items\":4},\"1536\":{\"items\":5}}}'>\n<div class=\"carousel-slider__item\">\n\t<a class=\"magnific-popup\" href=\"https:\/\/www.kahimm.com\/wp-content\/uploads\/2020\/09\/balcon-mer-amwej-ski.jpg\" data-width=\"350\" data-height=\"350\"><img class=\"owl-lazy\" data-src=\"https:\/\/www.kahimm.com\/wp-content\/uploads\/2020\/09\/balcon-mer-amwej-ski.jpg\" alt=\"\"><div class=\"carousel-slider__caption\"><h4 class=\"title\">R\u00e9sidence Amwej<\/h4><p class=\"caption\">Balcon vue sur mer<\/p><\/div><\/a><\/div>\n\n<div class=\"carousel-slider__item\">\n\t<a class=\"magnific-popup\" href=\"https:\/\/www.kahimm.com\/wp-content\/uploads\/2020\/09\/escalier-entre-amwej-ski.jpg\" data-width=\"350\" data-height=\"350\"><img class=\"owl-lazy\" data-src=\"https:\/\/www.kahimm.com\/wp-content\/uploads\/2020\/09\/escalier-entre-amwej-ski.jpg\" alt=\"\"><div class=\"carousel-slider__caption\"><h4 class=\"title\">R\u00e9sidence Amwej<\/h4><p class=\"caption\">Escalier entr\u00e9 <\/p><\/div><\/a><\/div>\n\n<div class=\"carousel-slider__item\">\n\t<a class=\"magnific-popup\" href=\"https:\/\/www.kahimm.com\/wp-content\/uploads\/2020\/09\/vue-mer-appartement-amwej-ski.jpg\" data-width=\"350\" data-height=\"350\"><img class=\"owl-lazy\" data-src=\"https:\/\/www.kahimm.com\/wp-content\/uploads\/2020\/09\/vue-mer-appartement-amwej-ski.jpg\" alt=\"\"><div class=\"carousel-slider__caption\"><h4 class=\"title\">Lotissement Tilel<\/h4><p class=\"caption\">Vue sur mer<\/p><\/div><\/a><\/div>\n\n<div class=\"carousel-slider__item\">\n\t<a class=\"magnific-popup\" href=\"https:\/\/www.kahimm.com\/wp-content\/uploads\/2020\/09\/jardin-amwej-ski.jpg\" data-width=\"350\" data-height=\"350\"><img class=\"owl-lazy\" data-src=\"https:\/\/www.kahimm.com\/wp-content\/uploads\/2020\/09\/jardin-amwej-ski.jpg\" alt=\"\"><div class=\"carousel-slider__caption\"><h4 class=\"title\">R\u00e9sidence Amwej<\/h4><p class=\"caption\">Jardin ext\u00e9rieure<\/p><\/div><\/a><\/div>\n\n<div class=\"carousel-slider__item\">\n\t<a class=\"magnific-popup\" href=\"https:\/\/www.kahimm.com\/wp-content\/uploads\/2020\/09\/facade-amwej-ski.jpg\" data-width=\"350\" data-height=\"350\"><img class=\"owl-lazy\" data-src=\"https:\/\/www.kahimm.com\/wp-content\/uploads\/2020\/09\/facade-amwej-ski.jpg\" alt=\"\"><div class=\"carousel-slider__caption\"><h4 class=\"title\">R\u00e9sidence Amwej<\/h4><p class=\"caption\">Fa\u00e7ade de la r\u00e9sidence<\/p><\/div><\/a><\/div>\n\n<\/div><!-- .carousel-slider-6044 -->\n<\/div><!-- .carousel-slider-outer-6044 -->\n<\/div>\r\n<p><a class=\"spec-link\" title=\"specification residence amwej\" href=\"https:\/\/kahimm.com\/specifications-residence-amwej\">Descriptif des Ouvrages et des Espaces<\/a><\/p>","protected":false},"excerpt":{"rendered":"<p>Situ\u00e9e \u00e0 Chott Meriem pr\u00e8s du port El Kantaoui dans la r\u00e9gion de Sousse, la r\u00e9sidence Amwej\u00a0 vous offre du haut standing avec un choix d\u2019appartements allant du S+1 au S+3 directement en front de mer sur l\u2019une des plus belles plages de Tunisie, avec jardins, piscines et garage au sous-sol.\u00a0 La r\u00e9sidence est surveill\u00e9e\u00a0 [&hellip;]<\/p>\n","protected":false},"author":24,"featured_media":0,"parent":0,"menu_order":0,"comment_status":"closed","ping_status":"closed","template":"templates\/template-full-width.php","meta":{"footnotes":""},"class_list":["post-54","page","type-page","status-publish","hentry"],"_links":{"self":[{"href":"https:\/\/www.kahimm.com\/fr\/wp-json\/wp\/v2\/pages\/54","targetHints":{"allow":["GET"]}}],"collection":[{"href":"https:\/\/www.kahimm.com\/fr\/wp-json\/wp\/v2\/pages"}],"about":[{"href":"https:\/\/www.kahimm.com\/fr\/wp-json\/wp\/v2\/types\/page"}],"author":[{"embeddable":true,"href":"https:\/\/www.kahimm.com\/fr\/wp-json\/wp\/v2\/users\/24"}],"replies":[{"embeddable":true,"href":"https:\/\/www.kahimm.com\/fr\/wp-json\/wp\/v2\/comments?post=54"}],"version-history":[{"count":18,"href":"https:\/\/www.kahimm.com\/fr\/wp-json\/wp\/v2\/pages\/54\/revisions"}],"predecessor-version":[{"id":8664,"href":"https:\/\/www.kahimm.com\/fr\/wp-json\/wp\/v2\/pages\/54\/revisions\/8664"}],"wp:attachment":[{"href":"https:\/\/www.kahimm.com\/fr\/wp-json\/wp\/v2\/media?parent=54"}],"curies":[{"name":"wp","href":"https:\/\/api.w.org\/{rel}","templated":true}]}}