{"id":5104,"date":"2020-08-08T12:21:03","date_gmt":"2020-08-08T10:21:03","guid":{"rendered":"https:\/\/kahimm.com\/?page_id=5104"},"modified":"2020-09-19T13:17:29","modified_gmt":"2020-09-19T11:17:29","slug":"formulaire-prix","status":"publish","type":"page","link":"https:\/\/www.kahimm.com\/fr\/formulaire-prix\/","title":{"rendered":"Formulaire Prix"},"content":{"rendered":"\r\n<p>Votre demande de prix pour ce logement a \u00e9t\u00e9 bien re\u00e7u.<\/p>\r\n\r\n\r\n\r\n<p>Vous pouvez continuer et envoyer des demandes pour d&rsquo;autres logements.<\/p>\r\n","protected":false},"excerpt":{"rendered":"<p>Votre demande de prix pour ce logement a \u00e9t\u00e9 bien re\u00e7u. Vous pouvez continuer et envoyer des demandes pour d&rsquo;autres logements.<\/p>\n","protected":false},"author":24,"featured_media":0,"parent":0,"menu_order":0,"comment_status":"closed","ping_status":"closed","template":"templates\/template-full-width.php","meta":{"footnotes":""},"class_list":["post-5104","page","type-page","status-publish","hentry"],"_links":{"self":[{"href":"https:\/\/www.kahimm.com\/fr\/wp-json\/wp\/v2\/pages\/5104","targetHints":{"allow":["GET"]}}],"collection":[{"href":"https:\/\/www.kahimm.com\/fr\/wp-json\/wp\/v2\/pages"}],"about":[{"href":"https:\/\/www.kahimm.com\/fr\/wp-json\/wp\/v2\/types\/page"}],"author":[{"embeddable":true,"href":"https:\/\/www.kahimm.com\/fr\/wp-json\/wp\/v2\/users\/24"}],"replies":[{"embeddable":true,"href":"https:\/\/www.kahimm.com\/fr\/wp-json\/wp\/v2\/comments?post=5104"}],"version-history":[{"count":2,"href":"https:\/\/www.kahimm.com\/fr\/wp-json\/wp\/v2\/pages\/5104\/revisions"}],"predecessor-version":[{"id":6836,"href":"https:\/\/www.kahimm.com\/fr\/wp-json\/wp\/v2\/pages\/5104\/revisions\/6836"}],"wp:attachment":[{"href":"https:\/\/www.kahimm.com\/fr\/wp-json\/wp\/v2\/media?parent=5104"}],"curies":[{"name":"wp","href":"https:\/\/api.w.org\/{rel}","templated":true}]}}