{"id":22493,"date":"2025-09-27T11:25:35","date_gmt":"2025-09-27T10:25:35","guid":{"rendered":"https:\/\/kahimm.com\/?page_id=22493"},"modified":"2025-09-27T11:33:38","modified_gmt":"2025-09-27T10:33:38","slug":"lp-portes-ouvertes-la-perle-4-10-2025","status":"publish","type":"page","link":"https:\/\/www.kahimm.com\/fr\/lp-portes-ouvertes-la-perle-4-10-2025\/","title":{"rendered":"Lp portes ouvertes La Perle 4-10-2025"},"content":{"rendered":"<div style=\"width: 80%; margin: 0 auto;\">\n<h2 style=\"text-align: center;\">Journ\u00e9es portes ouvertes LA PERLE<\/h2>\n<div class=\"wp-block-columns\" style=\"display: flex; gap: 30px;\">\n<div class=\"wp-block-column\">\n<p style=\"text-align: center;\">Envie d\u2019un appartement haut standing ?<\/p>\n<p>Alors venez visiter notre nouveau projet, R\u00e9sidence La PERLE, situ\u00e9 \u00e0 Sahloul 4, Sousse \u00e0 l\u2019occasion du weekend portes ouvertes.<\/p>\n<p><img loading=\"lazy\" decoding=\"async\" class=\"alignnone wp-image-22496 \" src=\"https:\/\/kahimm.com\/wp-content\/uploads\/2025\/09\/11-3-300x300.jpg\" alt=\"\" width=\"494\" height=\"494\" srcset=\"https:\/\/www.kahimm.com\/wp-content\/uploads\/2025\/09\/11-3-300x300.jpg 300w, https:\/\/www.kahimm.com\/wp-content\/uploads\/2025\/09\/11-3-150x150.jpg 150w, https:\/\/www.kahimm.com\/wp-content\/uploads\/2025\/09\/11-3-768x768.jpg 768w, https:\/\/www.kahimm.com\/wp-content\/uploads\/2025\/09\/11-3.jpg 800w\" sizes=\"auto, (max-width: 494px) 100vw, 494px\" \/><\/p>\n<p style=\"text-align: center;\"><em><strong>Date: le samedi 4 Octobre et dimanche 5 Octobre de 9h \u00e0 17h <\/strong><\/em><\/p>\n<p>&nbsp;<\/p>\n<p><strong>Lieu: <\/strong> R\u00e9sidence La PERLE Sahloul 4-Sousse, en face du Parc examen MOTO.<\/p>\n<p><strong>Veuillez confirmer votre participation en remplissant le formulaire suivant:<\/strong><\/p>\n\n<div class=\"wpcf7 no-js\" id=\"wpcf7-f22501-o1\" lang=\"fr-FR\" dir=\"ltr\" data-wpcf7-id=\"22501\">\n<div class=\"screen-reader-response\"><p role=\"status\" aria-live=\"polite\" aria-atomic=\"true\"><\/p> <ul><\/ul><\/div>\n<form action=\"\/fr\/wp-json\/wp\/v2\/pages\/22493#wpcf7-f22501-o1\" method=\"post\" class=\"wpcf7-form init\" aria-label=\"Formulaire de contact\" novalidate=\"novalidate\" data-status=\"init\">\n<fieldset class=\"hidden-fields-container\"><input type=\"hidden\" name=\"_wpcf7\" value=\"22501\" \/><input type=\"hidden\" name=\"_wpcf7_version\" value=\"6.1.4\" \/><input type=\"hidden\" name=\"_wpcf7_locale\" value=\"fr_FR\" \/><input type=\"hidden\" name=\"_wpcf7_unit_tag\" value=\"wpcf7-f22501-o1\" \/><input type=\"hidden\" name=\"_wpcf7_container_post\" value=\"0\" \/><input type=\"hidden\" name=\"_wpcf7_posted_data_hash\" value=\"\" \/><input type=\"hidden\" name=\"_wpcf7dtx_version\" value=\"5.0.3\" \/><input type=\"hidden\" name=\"_wpcf7_recaptcha_response\" value=\"\" \/>\n<\/fieldset>\n<div class=\"form-group prenom\"><label class=\"\"><strong>Nom &amp; pr\u00e9nom<\/strong> <span class=\"required\">*<\/span><\/label><input class=\"wpcf7-form-control wpcf7-text wpcf7-validates-as-required form-control\" name=\"prenom\" type=\"text\" value=\"\" aria-invalid=\"false\" aria-required=\"true\" required><\/div>\n<div class=\"form-group email\"><label class=\"\"><strong>Email<\/strong> <span class=\"required\">*<\/span><\/label><input class=\"wpcf7-form-control wpcf7-email wpcf7-validates-as-required wpcf7-text wpcf7-validates-as-email form-control\" name=\"email\" type=\"email\" value=\"\" aria-invalid=\"false\" aria-required=\"true\" required><\/div>\n<div class=\"form-group telephone\"><label class=\"\"><strong>T\u00e9l\u00e9phone<\/strong> <span class=\"required\">*<\/span><\/label><input class=\"wpcf7-form-control wpcf7-tel wpcf7-validates-as-required wpcf7-text wpcf7-validates-as-tel form-control\" name=\"telephone\" type=\"tel\" value=\"\" aria-invalid=\"false\" aria-required=\"true\" required><\/div>\n\n<input class=\"wpcf7-form-control wpcf7-hidden\" value=\"\" type=\"hidden\" name=\"utm_source\" \/>\n<input class=\"wpcf7-form-control wpcf7-hidden\" value=\"\" type=\"hidden\" name=\"utm_medium\" \/>\n<input class=\"wpcf7-form-control wpcf7-hidden\" value=\"\" type=\"hidden\" name=\"utm_campaign\" \/>\n<input class=\"wpcf7-form-control wpcf7-hidden\" value=\"\" type=\"hidden\" name=\"utm_term\" \/>\n<input class=\"wpcf7-form-control wpcf7-hidden\" value=\"\" type=\"hidden\" name=\"utm_content\" \/>\n<input class=\"wpcf7-form-control wpcf7-hidden\" value=\"\" type=\"hidden\" name=\"utm_link\" \/>\n<input class=\"wpcf7-form-control wpcf7-hidden\" value=\"\" type=\"hidden\" name=\"referer\" \/>\n<input class=\"wpcf7-form-control wpcf7-hidden\" value=\"\" type=\"hidden\" name=\"gclid\" \/>\n<input class=\"wpcf7-form-control wpcf7-hidden\" value=\"\" type=\"hidden\" name=\"msclkid\" \/>\n<input class=\"wpcf7-form-control wpcf7-hidden\" value=\"\" type=\"hidden\" name=\"fbclid\" \/>\n<input class=\"wpcf7-form-control wpcf7-hidden\" value=\"\" type=\"hidden\" name=\"page_title\" \/>\n<input class=\"wpcf7-form-control wpcf7-hidden\" value=\"\" type=\"hidden\" name=\"projet\" \/>\n<input class=\"wpcf7-form-control wpcf7-hidden\" value=\"\" type=\"hidden\" name=\"logement\" \/>\n<br\/>\n\n<div class=\"form-group\"><div><input class=\"wpcf7-form-control wpcf7-submit event-signup btn btn-primary\" type=\"submit\" value=\"Inscription\"><\/div><\/div><input type='hidden' class='wpcf7-pum' value='{\"closepopup\":false,\"closedelay\":0,\"openpopup\":false,\"openpopup_id\":0}' \/><div class=\"wpcf7-response-output alert alert-warning\"><\/div>\n<\/form>\n<\/div>\n\n<\/div>\n<div class=\"wp-block-column\">\n<p style=\"text-align: center;\">Pourquoi venir ? \u00c0 part les cadeaux \u00e0 gagner et quelques surprises, vous aurez l&rsquo;occasion de pouvoir visiter les lieux et discuter avec les membres de notre \u00e9quipe et si vous avez le coup de foudre pour un appartement alors r\u00e9servez le sur place afin de profiter du vaste choix de lancement.<\/p>\n<p>Que ce soit pour y habiter, les vacances \/ weekends ou pour investir, R\u00e9sidence La Perle saura vous plaire.<\/p>\n<p><img loading=\"lazy\" decoding=\"async\" class=\"aligncenter image-full wp-image-7720 size-full lazyloaded\" src=\"https:\/\/kahimm.com\/wp-content\/uploads\/2023\/04\/Version2mapsFR.jpg\" alt=\"\" width=\"600\" height=\"600\" data-src=\"https:\/\/kahimm.com\/wp-content\/uploads\/2021\/02\/Maps-1.jpg\" \/><\/p>\n<p>Pour visionner la visite virtuelle, consulter les plans des logements, faire des demandes de devis ou encore chatter en ligne avec le service client\u00e8le de La Perle:<a style=\"margin-top: 10px; background: #88761a; color: white; padding: 15px 5px; clear: both; display: block; text-align: center; text-transform: uppercase; font-weight: bold;\" href=\"https:\/\/kahimm.com\/fr\/residence-la-perle\/\">Visitez la page R\u00e9sidence la PERLE<\/a><\/p>\n<\/div>\n<\/div>\n<h3 class=\"has-text-align-center\" style=\"text-align: center;\"><strong>R\u00e9sidence la PERLE<\/strong><\/h3>\n<div class=\"gallerie-photo-ski\">\n<div class=\"wp-block-columns\">\n<div class=\"wp-block-column\"><a class=\"fancybox\" title=\"\" rel=\"gallery-b\" data-caption=\"Bousten 21\"><br \/>\n<img loading=\"lazy\" decoding=\"async\" class=\"gal\" src=\"https:\/\/kahimm.com\/wp-content\/uploads\/2024\/10\/Format-carre-16-1.jpg\" alt=\" \" width=\"300\" height=\"300\" \/><\/a><\/div>\n<div class=\"wp-block-column\"><a class=\"fancybox\" title=\"\" href=\"https:\/\/kahimm.com\/wp-content\/uploads\/2024\/10\/Format-carre-15-1.jpg\" rel=\"gallery-b\" data-caption=\"Bousten 22\"><br \/>\n<img loading=\"lazy\" decoding=\"async\" class=\"gal\" src=\"https:\/\/kahimm.com\/wp-content\/uploads\/2024\/10\/Format-carre-15-1.jpg\" alt=\" \" width=\"300\" height=\"300\" \/><\/a><\/div>\n<div class=\"wp-block-column\"><a class=\"fancybox\" title=\"\" href=\"https:\/\/kahimm.com\/wp-content\/uploads\/2024\/10\/Format-carre-14.jpg\" rel=\"gallery-b\" data-caption=\"Bousten 23\"><br \/>\n<img loading=\"lazy\" decoding=\"async\" class=\"gal\" src=\"https:\/\/kahimm.com\/wp-content\/uploads\/2024\/10\/Format-carre-14.jpg\" alt=\" \" width=\"300\" height=\"300\" \/><\/a><\/div>\n<div class=\"wp-block-column\"><a class=\"fancybox\" title=\"\" href=\"https:\/\/kahimm.com\/wp-content\/uploads\/2024\/10\/Format-carre-09.jpg\" rel=\"gallery-b\" data-caption=\"Bousten 24\"><br \/>\n<img loading=\"lazy\" decoding=\"async\" class=\"gal\" src=\"https:\/\/kahimm.com\/wp-content\/uploads\/2024\/10\/Format-carre-09.jpg\" alt=\" \" width=\"300\" height=\"300\" \/><\/a><\/div>\n<\/div>\n<div class=\"wp-block-columns\">\n<div class=\"wp-block-column\"><a class=\"fancybox\" title=\"\" href=\"https:\/\/kahimm.com\/wp-content\/uploads\/2024\/10\/Format-carre-08.jpg\" rel=\"gallery-b\" data-caption=\"Bousten 25\"><br \/>\n<img loading=\"lazy\" decoding=\"async\" class=\"gal\" src=\"https:\/\/kahimm.com\/wp-content\/uploads\/2024\/10\/Format-carre-08.jpg\" alt=\" \" width=\"300\" height=\"300\" \/><\/a><\/div>\n<div class=\"wp-block-column\"><a class=\"fancybox\" title=\"\" href=\"https:\/\/kahimm.com\/wp-content\/uploads\/2024\/10\/Format-carre-01-1.jpg\" rel=\"gallery-b\" data-caption=\"Bousten 26\"><br \/>\n<img loading=\"lazy\" decoding=\"async\" class=\"gal\" src=\"https:\/\/kahimm.com\/wp-content\/uploads\/2024\/10\/Format-carre-01-1.jpg\" alt=\" \" width=\"300\" height=\"300\" \/><\/a><\/div>\n<\/div>\n<\/div>\n<\/div>\n","protected":false},"excerpt":{"rendered":"<p>Journ\u00e9es portes ouvertes LA PERLE Envie d\u2019un appartement haut standing ? Alors venez visiter notre nouveau projet, R\u00e9sidence La PERLE, situ\u00e9 \u00e0 Sahloul 4, Sousse \u00e0 l\u2019occasion du weekend portes ouvertes. Date: le samedi 4 Octobre et dimanche 5 Octobre de 9h \u00e0 17h &nbsp; Lieu: R\u00e9sidence La PERLE Sahloul 4-Sousse, en face du Parc [&hellip;]<\/p>\n","protected":false},"author":25,"featured_media":0,"parent":0,"menu_order":0,"comment_status":"closed","ping_status":"closed","template":"","meta":{"footnotes":""},"class_list":["post-22493","page","type-page","status-publish","hentry"],"_links":{"self":[{"href":"https:\/\/www.kahimm.com\/fr\/wp-json\/wp\/v2\/pages\/22493","targetHints":{"allow":["GET"]}}],"collection":[{"href":"https:\/\/www.kahimm.com\/fr\/wp-json\/wp\/v2\/pages"}],"about":[{"href":"https:\/\/www.kahimm.com\/fr\/wp-json\/wp\/v2\/types\/page"}],"author":[{"embeddable":true,"href":"https:\/\/www.kahimm.com\/fr\/wp-json\/wp\/v2\/users\/25"}],"replies":[{"embeddable":true,"href":"https:\/\/www.kahimm.com\/fr\/wp-json\/wp\/v2\/comments?post=22493"}],"version-history":[{"count":8,"href":"https:\/\/www.kahimm.com\/fr\/wp-json\/wp\/v2\/pages\/22493\/revisions"}],"predecessor-version":[{"id":22506,"href":"https:\/\/www.kahimm.com\/fr\/wp-json\/wp\/v2\/pages\/22493\/revisions\/22506"}],"wp:attachment":[{"href":"https:\/\/www.kahimm.com\/fr\/wp-json\/wp\/v2\/media?parent=22493"}],"curies":[{"name":"wp","href":"https:\/\/api.w.org\/{rel}","templated":true}]}}