{"id":21266,"date":"2025-04-02T14:54:26","date_gmt":"2025-04-02T12:54:26","guid":{"rendered":"https:\/\/kahimm.com\/?page_id=21266"},"modified":"2025-10-10T17:20:52","modified_gmt":"2025-10-10T16:20:52","slug":"salon-pro-immo-2025","status":"publish","type":"page","link":"https:\/\/www.kahimm.com\/fr\/salon-pro-immo-2025\/","title":{"rendered":"Salon Pro Immo 2025"},"content":{"rendered":"<h2 style=\"text-align: center; font-size: 2em; font-weight: bold; color: #005f73;\">Salon Pro Immo 2025<\/h2>\n<div class=\"wp-block-columns\" style=\"display: flex; flex-wrap: wrap; justify-content: space-between; margin: 0 auto; max-width: 1200px; padding: 20px;\">\n<p><!-- Colonne gauche --><\/p>\n<div class=\"wp-block-column\" style=\"flex: 1; padding: 15px;\">\n<p data-start=\"54\" data-end=\"138\">Venez d\u00e9couvrir nos projets en bord de mer lors de cette journ\u00e9e sp\u00e9ciale \u00e0 Tunis.<\/p>\n<p data-start=\"54\" data-end=\"138\">\ud83c\udf34 <strong data-start=\"267\" data-end=\"299\">R\u00e9sidence Bousten \u2013 Hammamet<\/strong> : Cadre paisible et verdoyant \u00e0 deux pas de la mer.<\/p>\n<p data-start=\"144\" data-end=\"258\">\ud83c\udfd6\ufe0f <strong data-start=\"148\" data-end=\"191\">R\u00e9sidence COSTA \u2013 Chott Meriem (Sousse)<\/strong> : Appartements modernes avec piscine et acc\u00e8s direct \u00e0 la plage.<\/p>\n<p data-start=\"359\" data-end=\"486\">Nos conseillers seront l\u00e0 pour vous guider et vous permettre de r\u00e9server sur place.<br data-start=\"442\" data-end=\"445\" \/>Un <strong data-start=\"450\" data-end=\"469\">cadeau surprise<\/strong> vous attend \ud83c\udf81<\/p>\n<p style=\"font-weight: bold; font-size: 1.1em; color: #008b8b; text-align: center;\">Veuillez confirmer votre participation en remplissant le formulaire suivant :<\/p>\n<div style=\"text-align: center; margin-bottom: 20px;\">\n<div class=\"wpcf7 no-js\" id=\"wpcf7-f22590-o1\" lang=\"fr-FR\" dir=\"ltr\" data-wpcf7-id=\"22590\">\n<div class=\"screen-reader-response\"><p role=\"status\" aria-live=\"polite\" aria-atomic=\"true\"><\/p> <ul><\/ul><\/div>\n<form action=\"\/fr\/wp-json\/wp\/v2\/pages\/21266#wpcf7-f22590-o1\" method=\"post\" class=\"wpcf7-form init\" aria-label=\"Formulaire de contact\" novalidate=\"novalidate\" data-status=\"init\">\n<fieldset class=\"hidden-fields-container\"><input type=\"hidden\" name=\"_wpcf7\" value=\"22590\" \/><input type=\"hidden\" name=\"_wpcf7_version\" value=\"6.1.4\" \/><input type=\"hidden\" name=\"_wpcf7_locale\" value=\"fr_FR\" \/><input type=\"hidden\" name=\"_wpcf7_unit_tag\" value=\"wpcf7-f22590-o1\" \/><input type=\"hidden\" name=\"_wpcf7_container_post\" value=\"0\" \/><input type=\"hidden\" name=\"_wpcf7_posted_data_hash\" value=\"\" \/><input type=\"hidden\" name=\"_wpcf7dtx_version\" value=\"5.0.3\" \/><input type=\"hidden\" name=\"_wpcf7_recaptcha_response\" value=\"\" \/>\n<\/fieldset>\n<div class=\"form-group prenom\"><label class=\"\"><strong>Nom &amp; pr\u00e9nom<\/strong> <span class=\"required\">*<\/span><\/label><input class=\"wpcf7-form-control wpcf7-text wpcf7-validates-as-required form-control\" name=\"prenom\" type=\"text\" value=\"\" aria-invalid=\"false\" aria-required=\"true\" required><\/div>\n<div class=\"form-group email\"><label class=\"\"><strong>Email<\/strong> <span class=\"required\">*<\/span><\/label><input class=\"wpcf7-form-control wpcf7-email wpcf7-validates-as-required wpcf7-text wpcf7-validates-as-email form-control\" name=\"email\" type=\"email\" value=\"\" aria-invalid=\"false\" aria-required=\"true\" required><\/div>\n<div class=\"form-group telephone\"><label class=\"\"><strong>T\u00e9l\u00e9phone<\/strong> <span class=\"required\">*<\/span><\/label><input class=\"wpcf7-form-control wpcf7-tel wpcf7-validates-as-required wpcf7-text wpcf7-validates-as-tel form-control\" name=\"telephone\" type=\"tel\" value=\"\" aria-invalid=\"false\" aria-required=\"true\" required><\/div>\n\n<input class=\"wpcf7-form-control wpcf7-hidden\" value=\"\" type=\"hidden\" name=\"utm_source\" \/>\n<input class=\"wpcf7-form-control wpcf7-hidden\" value=\"\" type=\"hidden\" name=\"utm_medium\" \/>\n<input class=\"wpcf7-form-control wpcf7-hidden\" value=\"\" type=\"hidden\" name=\"utm_campaign\" \/>\n<input class=\"wpcf7-form-control wpcf7-hidden\" value=\"\" type=\"hidden\" name=\"utm_term\" \/>\n<input class=\"wpcf7-form-control wpcf7-hidden\" value=\"\" type=\"hidden\" name=\"utm_content\" \/>\n<input class=\"wpcf7-form-control wpcf7-hidden\" value=\"\" type=\"hidden\" name=\"utm_link\" \/>\n<input class=\"wpcf7-form-control wpcf7-hidden\" value=\"\" type=\"hidden\" name=\"referer\" \/>\n<input class=\"wpcf7-form-control wpcf7-hidden\" value=\"\" type=\"hidden\" name=\"gclid\" \/>\n<input class=\"wpcf7-form-control wpcf7-hidden\" value=\"\" type=\"hidden\" name=\"msclkid\" \/>\n<input class=\"wpcf7-form-control wpcf7-hidden\" value=\"\" type=\"hidden\" name=\"fbclid\" \/>\n<input class=\"wpcf7-form-control wpcf7-hidden\" value=\"\" type=\"hidden\" name=\"page_title\" \/>\n<input class=\"wpcf7-form-control wpcf7-hidden\" value=\"\" type=\"hidden\" name=\"projet\" \/>\n<input class=\"wpcf7-form-control wpcf7-hidden\" value=\"\" type=\"hidden\" name=\"logement\" \/>\n\n<div class=\"form-group\"><div><input class=\"wpcf7-form-control wpcf7-submit event-signup btn btn-primary\" type=\"submit\" value=\"Inscription\"><\/div><\/div><input type='hidden' class='wpcf7-pum' value='{\"closepopup\":false,\"closedelay\":0,\"openpopup\":false,\"openpopup_id\":0}' \/><div class=\"wpcf7-response-output alert alert-warning\"><\/div>\n<\/form>\n<\/div>\n<\/div>\n<p style=\"font-weight: bold; text-align: center;\">Lieu : Parc des Expositions du Kram \u2013 Tunis.<\/p>\n<\/div>\n<p><!-- Colonne droite --><\/p>\n<div class=\"wp-block-column\" style=\"flex: 1; padding: 15px;\">\n<p style=\"text-align: center; font-size: 1.1em; font-style: italic; font-weight: bold; color: #008b8b;\">Date : M<span data-teams=\"true\">ercredi 15 \u00e0 Dimanche 19 <\/span>\u00a0Octobre 2025, de 9h \u00e0 19h<br \/>\n<a style=\"color: #008b8b; font-weight: bold; text-decoration: underline;\" href=\"https:\/\/www.google.com\/maps\/place\/Le+Kram+-+Exhibition+and+International+Trade+Center+of+Tunis\/@36.8394467,10.2974785,17z\/data=!3m1!4b1!4m6!3m5!1s0x12fd4ad74bdd8285:0x58721aef6c2db516!8m2!3d36.8394467!4d10.3000534!16s%2Fg%2F11c54811k7?entry=ttu&amp;g_ep=EgoyMDI1MTAwNy4wIKXMDSoASAFQAw%3D%3D\" target=\"_blank\" rel=\"noopener\"><br \/>\nParc des Expositions du Kram<\/a><\/p>\n<p>&nbsp;<\/p>\n<div style=\"text-align: center; margin-top: 20px;\"><a style=\"font-size: 1.1em; color: #006d77; text-decoration: none; font-weight: bold;\" href=\"https:\/\/kahimm.com\/fr\/projets\/\">Cliquez ici pour d\u00e9couvrir nos projets immobiliers<\/a><\/div>\n<div><img loading=\"lazy\" decoding=\"async\" class=\"wp-image-22593 aligncenter\" src=\"https:\/\/kahimm.com\/wp-content\/uploads\/2025\/10\/PRO-IMMO-2025-4-300x300.png\" alt=\"\" width=\"427\" height=\"427\" srcset=\"https:\/\/www.kahimm.com\/wp-content\/uploads\/2025\/10\/PRO-IMMO-2025-4-300x300.png 300w, https:\/\/www.kahimm.com\/wp-content\/uploads\/2025\/10\/PRO-IMMO-2025-4-1024x1024.png 1024w, https:\/\/www.kahimm.com\/wp-content\/uploads\/2025\/10\/PRO-IMMO-2025-4-150x150.png 150w, https:\/\/www.kahimm.com\/wp-content\/uploads\/2025\/10\/PRO-IMMO-2025-4-768x768.png 768w, https:\/\/www.kahimm.com\/wp-content\/uploads\/2025\/10\/PRO-IMMO-2025-4.png 1080w\" sizes=\"auto, (max-width: 427px) 100vw, 427px\" \/><\/div>\n<\/div>\n<div><\/div>\n<\/div>\n<p><!-- Galerie R\u00e9sidence Bousten --><\/p>\n<h3 class=\"has-text-align-center\" style=\"text-align: center; font-size: 1.8em; font-weight: bold; color: #005f73; margin-top: 40px;\">R\u00e9sidence Bousten<\/h3>\n<div class=\"gallerie-photo-ski\" style=\"display: flex; flex-wrap: wrap; justify-content: center; gap: 15px; margin-top: 20px;\">\n<p><!-- Bousten Images --><\/p>\n<div class=\"wp-block-column\" style=\"flex: 1 1 270px; text-align: center;\"><a class=\"fancybox\" href=\"https:\/\/kahimm.com\/Photos\/bousten2\/nouveau_rendu\/1.jpg\" rel=\"gallery-b\" data-caption=\"Bousten 1\"><br \/>\n<img decoding=\"async\" class=\"gal\" style=\"width: 100%; height: auto; border-radius: 8px;\" src=\"https:\/\/kahimm.com\/Photos\/bousten2\/nouveau_rendu\/1_1.jpg\" alt=\"Bousten 1\" \/><br \/>\n<\/a><\/div>\n<div class=\"wp-block-column\" style=\"flex: 1 1 270px; text-align: center;\"><a class=\"fancybox\" href=\"https:\/\/kahimm.com\/Photos\/bousten2\/nouveau_rendu\/2.jpg\" rel=\"gallery-b\" data-caption=\"Bousten 2\"><br \/>\n<img decoding=\"async\" class=\"gal\" style=\"width: 100%; height: auto; border-radius: 8px;\" src=\"https:\/\/kahimm.com\/Photos\/bousten2\/nouveau_rendu\/2_1.jpg\" alt=\"Bousten 2\" \/><br \/>\n<\/a><\/div>\n<div class=\"wp-block-column\" style=\"flex: 1 1 270px; text-align: center;\"><a class=\"fancybox\" href=\"https:\/\/kahimm.com\/Photos\/bousten2\/nouveau_rendu\/3.jpg\" rel=\"gallery-b\" data-caption=\"Bousten 3\"><br \/>\n<img decoding=\"async\" class=\"gal\" style=\"width: 100%; height: auto; border-radius: 8px;\" src=\"https:\/\/kahimm.com\/Photos\/bousten2\/nouveau_rendu\/3_1.jpg\" alt=\"Bousten 3\" \/><br \/>\n<\/a><\/div>\n<div class=\"wp-block-column\" style=\"flex: 1 1 270px; text-align: center;\"><a class=\"fancybox\" href=\"https:\/\/kahimm.com\/Photos\/bousten2\/nouveau_rendu\/4.jpg\" rel=\"gallery-b\" data-caption=\"Bousten 4\"><br \/>\n<img decoding=\"async\" class=\"gal\" style=\"width: 100%; height: auto; border-radius: 8px;\" src=\"https:\/\/kahimm.com\/Photos\/bousten2\/nouveau_rendu\/4_1.jpg\" alt=\"Bousten 4\" \/><br \/>\n<\/a><\/div>\n<div class=\"wp-block-column\" style=\"flex: 1 1 270px; text-align: center;\"><a class=\"fancybox\" href=\"https:\/\/kahimm.com\/Photos\/bousten2\/nouveau_rendu\/5.jpg\" rel=\"gallery-b\" data-caption=\"Bousten 5\"><br \/>\n<img decoding=\"async\" class=\"gal\" style=\"width: 100%; height: auto; border-radius: 8px;\" src=\"https:\/\/kahimm.com\/Photos\/bousten2\/nouveau_rendu\/5_1.jpg\" alt=\"Bousten 5\" \/><br \/>\n<\/a><\/div>\n<div class=\"wp-block-column\" style=\"flex: 1 1 270px; text-align: center;\"><a class=\"fancybox\" href=\"https:\/\/kahimm.com\/Photos\/bousten2\/nouveau_rendu\/10.jpg\" rel=\"gallery-b\" data-caption=\"Bousten 6\"><br \/>\n<img decoding=\"async\" class=\"gal\" style=\"width: 100%; height: auto; border-radius: 8px;\" src=\"https:\/\/kahimm.com\/Photos\/bousten2\/nouveau_rendu\/10_1.jpg\" alt=\"Bousten 6\" \/><br \/>\n<\/a><\/div>\n<div class=\"wp-block-column\" style=\"flex: 1 1 270px; text-align: center;\"><a class=\"fancybox\" href=\"https:\/\/kahimm.com\/Photos\/bousten2\/nouveau_rendu\/7.jpg\" rel=\"gallery-b\" data-caption=\"Bousten 7\"><br \/>\n<img decoding=\"async\" class=\"gal\" style=\"width: 100%; height: auto; border-radius: 8px;\" src=\"https:\/\/kahimm.com\/Photos\/bousten2\/nouveau_rendu\/7_1.jpg\" alt=\"Bousten 7\" \/><br \/>\n<\/a><\/div>\n<div class=\"wp-block-column\" style=\"flex: 1 1 270px; text-align: center;\"><a class=\"fancybox\" href=\"https:\/\/kahimm.com\/Photos\/bousten2\/nouveau_rendu\/8.jpg\" rel=\"gallery-b\" data-caption=\"Bousten 8\"><br \/>\n<img decoding=\"async\" class=\"gal\" style=\"width: 100%; height: auto; border-radius: 8px;\" src=\"https:\/\/kahimm.com\/Photos\/bousten2\/nouveau_rendu\/8_1.jpg\" alt=\"Bousten 8\" \/><br \/>\n<\/a><\/div>\n<div class=\"wp-block-column\" style=\"flex: 1 1 270px; text-align: center;\"><a class=\"fancybox\" href=\"https:\/\/kahimm.com\/Photos\/bousten2\/nouveau_rendu\/9.jpg\" rel=\"gallery-b\" data-caption=\"Bousten 9\"><br \/>\n<img decoding=\"async\" class=\"gal\" style=\"width: 100%; height: auto; border-radius: 8px;\" src=\"https:\/\/kahimm.com\/Photos\/bousten2\/nouveau_rendu\/9_1.jpg\" alt=\"Bousten 9\" \/><br \/>\n<\/a><\/div>\n<\/div>\n<p><!-- Galerie R\u00e9sidence COSTA --><\/p>\n<h3 class=\"has-text-align-center\" style=\"text-align: center; font-size: 1.8em; font-weight: bold; color: #005f73; margin-top: 30px;\">R\u00e9sidence COSTA<\/h3>\n<div class=\"gallerie-photo-ski\" style=\"display: flex; flex-wrap: wrap; justify-content: center; gap: 15px; margin-top: 20px;\">\n<div class=\"wp-block-column\" style=\"flex: 1 1 270px; text-align: center;\"><a class=\"fancybox\" title=\"Costa 1\" href=\"https:\/\/kahimm.com\/Photos\/costa\/costa_mer-1.jpg\" rel=\"gallery\" data-caption=\"Costa 1\"><br \/>\n<img decoding=\"async\" class=\"gal\" style=\"width: 100%; height: auto; border-radius: 8px;\" src=\"https:\/\/kahimm.com\/Photos\/costa\/7.jpg\" alt=\"Costa 1\" \/><br \/>\n<\/a><\/div>\n<div class=\"wp-block-column\" style=\"flex: 1 1 270px; text-align: center;\"><a class=\"fancybox\" title=\"Costa 2\" href=\"https:\/\/kahimm.com\/Photos\/costa\/costa_interieur_2-1.jpg\" rel=\"gallery\" data-caption=\"Costa 2\"><br \/>\n<img decoding=\"async\" class=\"gal\" style=\"width: 100%; height: auto; border-radius: 8px;\" src=\"https:\/\/kahimm.com\/Photos\/costa\/3.jpg\" alt=\"Costa 2\" \/><br \/>\n<\/a><\/div>\n<div class=\"wp-block-column\" style=\"flex: 1 1 270px; text-align: center;\"><a class=\"fancybox\" title=\"Costa 3\" href=\"https:\/\/kahimm.com\/Photos\/costa\/costa_jardin-1.jpg\" rel=\"gallery\" data-caption=\"Costa 3\"><br \/>\n<img decoding=\"async\" class=\"gal\" style=\"width: 100%; height: auto; border-radius: 8px;\" src=\"https:\/\/kahimm.com\/Photos\/costa\/1.jpg\" alt=\"Costa 3\" \/><br \/>\n<\/a><\/div>\n<div class=\"wp-block-column\" style=\"flex: 1 1 270px; text-align: center;\"><a class=\"fancybox\" title=\"Costa 4\" href=\"https:\/\/kahimm.com\/Photos\/costa\/costa_picsine_plage.jpg\" rel=\"gallery\" data-caption=\"Costa 4\"><br \/>\n<img decoding=\"async\" class=\"gal\" style=\"width: 100%; height: auto; border-radius: 8px;\" src=\"https:\/\/kahimm.com\/Photos\/costa\/6.jpg\" alt=\"Costa 4\" \/><br \/>\n<\/a><\/div>\n<div class=\"wp-block-column\" style=\"flex: 1 1 270px; text-align: center;\"><a class=\"fancybox\" title=\"Costa 5\" href=\"https:\/\/kahimm.com\/Photos\/costa\/costa_exterieur-1.jpg\" rel=\"gallery\" data-caption=\"Costa 5\"><br \/>\n<img decoding=\"async\" class=\"gal\" style=\"width: 100%; height: auto; border-radius: 8px;\" src=\"https:\/\/kahimm.com\/Photos\/costa\/2.jpg\" alt=\"Costa 5\" \/><br \/>\n<\/a><\/div>\n<div class=\"wp-block-column\" style=\"flex: 1 1 270px; text-align: center;\"><a class=\"fancybox\" title=\"Costa 6\" href=\"https:\/\/kahimm.com\/Photos\/costa\/costa_interieur_1_bis.jpg\" rel=\"gallery\" data-caption=\"Costa 6\"><br \/>\n<img decoding=\"async\" class=\"gal\" style=\"width: 100%; height: auto; border-radius: 8px;\" src=\"https:\/\/kahimm.com\/Photos\/costa\/4.jpg\" alt=\"Costa 6\" \/><br \/>\n<\/a><\/div>\n<\/div>\n","protected":false},"excerpt":{"rendered":"<p>Salon Pro Immo 2025 Venez d\u00e9couvrir nos projets en bord de mer lors de cette journ\u00e9e sp\u00e9ciale \u00e0 Tunis. \ud83c\udf34 R\u00e9sidence Bousten \u2013 Hammamet : Cadre paisible et verdoyant \u00e0 deux pas de la mer. \ud83c\udfd6\ufe0f R\u00e9sidence COSTA \u2013 Chott Meriem (Sousse) : Appartements modernes avec piscine et acc\u00e8s direct \u00e0 la plage. Nos conseillers [&hellip;]<\/p>\n","protected":false},"author":24,"featured_media":0,"parent":0,"menu_order":0,"comment_status":"closed","ping_status":"closed","template":"","meta":{"footnotes":""},"class_list":["post-21266","page","type-page","status-publish","hentry"],"_links":{"self":[{"href":"https:\/\/www.kahimm.com\/fr\/wp-json\/wp\/v2\/pages\/21266","targetHints":{"allow":["GET"]}}],"collection":[{"href":"https:\/\/www.kahimm.com\/fr\/wp-json\/wp\/v2\/pages"}],"about":[{"href":"https:\/\/www.kahimm.com\/fr\/wp-json\/wp\/v2\/types\/page"}],"author":[{"embeddable":true,"href":"https:\/\/www.kahimm.com\/fr\/wp-json\/wp\/v2\/users\/24"}],"replies":[{"embeddable":true,"href":"https:\/\/www.kahimm.com\/fr\/wp-json\/wp\/v2\/comments?post=21266"}],"version-history":[{"count":18,"href":"https:\/\/www.kahimm.com\/fr\/wp-json\/wp\/v2\/pages\/21266\/revisions"}],"predecessor-version":[{"id":22601,"href":"https:\/\/www.kahimm.com\/fr\/wp-json\/wp\/v2\/pages\/21266\/revisions\/22601"}],"wp:attachment":[{"href":"https:\/\/www.kahimm.com\/fr\/wp-json\/wp\/v2\/media?parent=21266"}],"curies":[{"name":"wp","href":"https:\/\/api.w.org\/{rel}","templated":true}]}}