{"id":20524,"date":"2024-12-14T12:29:51","date_gmt":"2024-12-14T11:29:51","guid":{"rendered":"https:\/\/kahimm.com\/?page_id=20524"},"modified":"2024-12-16T11:37:24","modified_gmt":"2024-12-16T10:37:24","slug":"lp-event-la-perle-2","status":"publish","type":"page","link":"https:\/\/www.kahimm.com\/fr\/lp-event-la-perle-2\/","title":{"rendered":"Lp Event la perle 2"},"content":{"rendered":"<h2 style=\"text-align: center;\">Journ\u00e9es portes ouvertes LA PERLE<\/h2>\n<div class=\"wp-block-columns\">\n<div class=\"wp-block-column\">\n<p style=\"text-align: center;\">Envie d\u2019un appartement haut standing ?<\/p>\n<p>Alors venez visiter notre nouveau projet, R\u00e9sidence La PERLE, situ\u00e9 \u00e0 Sahloul 4, Sousse \u00e0 l\u2019occasion du weekend portes ouvertes.<\/p>\n<p>&nbsp;<\/p>\n<p style=\"text-align: center;\"><em><strong>Date: le samedi 21 D\u00e9cembre et dimanche 22 D\u00e9cembre de 9h \u00e0 17h <\/strong><\/em><\/p>\n<p><img loading=\"lazy\" decoding=\"async\" class=\"wp-image-20529 aligncenter\" style=\"font-family: NonBreakingSpaceOverride, 'Hoefler Text', Garamond, 'Times New Roman', serif; letter-spacing: normal;\" src=\"https:\/\/kahimm.com\/wp-content\/uploads\/2024\/12\/Copie-de-COSTA-MALLOFSFAX-POSTCARRE-8-300x300.png\" alt=\"\" width=\"501\" height=\"501\" srcset=\"https:\/\/www.kahimm.com\/wp-content\/uploads\/2024\/12\/Copie-de-COSTA-MALLOFSFAX-POSTCARRE-8-300x300.png 300w, https:\/\/www.kahimm.com\/wp-content\/uploads\/2024\/12\/Copie-de-COSTA-MALLOFSFAX-POSTCARRE-8-1024x1024.png 1024w, https:\/\/www.kahimm.com\/wp-content\/uploads\/2024\/12\/Copie-de-COSTA-MALLOFSFAX-POSTCARRE-8-150x150.png 150w, https:\/\/www.kahimm.com\/wp-content\/uploads\/2024\/12\/Copie-de-COSTA-MALLOFSFAX-POSTCARRE-8-768x768.png 768w, https:\/\/www.kahimm.com\/wp-content\/uploads\/2024\/12\/Copie-de-COSTA-MALLOFSFAX-POSTCARRE-8.png 1080w\" sizes=\"auto, (max-width: 501px) 100vw, 501px\" \/><strong>Lieu: <\/strong> R\u00e9sidence La PERLE Sahloul 4-Sousse, en face du Parc examen MOTO.<\/p>\n<p><strong>Veuillez confirmer votre participation en remplissant le formulaire suivant:<\/strong><\/p>\n\n<div class=\"wpcf7 no-js\" id=\"wpcf7-f20526-o1\" lang=\"fr-FR\" dir=\"ltr\" data-wpcf7-id=\"20526\">\n<div class=\"screen-reader-response\"><p role=\"status\" aria-live=\"polite\" aria-atomic=\"true\"><\/p> <ul><\/ul><\/div>\n<form action=\"\/fr\/wp-json\/wp\/v2\/pages\/20524#wpcf7-f20526-o1\" method=\"post\" class=\"wpcf7-form init\" aria-label=\"Formulaire de contact\" novalidate=\"novalidate\" data-status=\"init\">\n<fieldset class=\"hidden-fields-container\"><input type=\"hidden\" name=\"_wpcf7\" value=\"20526\" \/><input type=\"hidden\" name=\"_wpcf7_version\" value=\"6.1.4\" \/><input type=\"hidden\" name=\"_wpcf7_locale\" value=\"fr_FR\" \/><input type=\"hidden\" name=\"_wpcf7_unit_tag\" value=\"wpcf7-f20526-o1\" \/><input type=\"hidden\" name=\"_wpcf7_container_post\" value=\"0\" \/><input type=\"hidden\" name=\"_wpcf7_posted_data_hash\" value=\"\" \/><input type=\"hidden\" name=\"_wpcf7dtx_version\" value=\"5.0.3\" \/><input type=\"hidden\" name=\"_wpcf7_recaptcha_response\" value=\"\" \/>\n<\/fieldset>\n<div class=\"form-group prenom\"><label class=\"\"><strong>Nom &amp; pr\u00e9nom<\/strong> <span class=\"required\">*<\/span><\/label><input class=\"wpcf7-form-control wpcf7-text wpcf7-validates-as-required form-control\" name=\"prenom\" type=\"text\" value=\"\" aria-invalid=\"false\" aria-required=\"true\" required><\/div>\n<div class=\"form-group email\"><label class=\"\"><strong>Email<\/strong> <span class=\"required\">*<\/span><\/label><input class=\"wpcf7-form-control wpcf7-email wpcf7-validates-as-required wpcf7-text wpcf7-validates-as-email form-control\" name=\"email\" type=\"email\" value=\"\" aria-invalid=\"false\" aria-required=\"true\" required><\/div>\n<div class=\"form-group telephone\"><label class=\"\"><strong>T\u00e9l\u00e9phone<\/strong> <span class=\"required\">*<\/span><\/label><input class=\"wpcf7-form-control wpcf7-tel wpcf7-validates-as-required wpcf7-text wpcf7-validates-as-tel form-control\" name=\"telephone\" type=\"tel\" value=\"\" aria-invalid=\"false\" aria-required=\"true\" required><\/div>\n\n<input class=\"wpcf7-form-control wpcf7-hidden\" value=\"\" type=\"hidden\" name=\"utm_source\" \/>\n<input class=\"wpcf7-form-control wpcf7-hidden\" value=\"\" type=\"hidden\" name=\"utm_medium\" \/>\n<input class=\"wpcf7-form-control wpcf7-hidden\" value=\"\" type=\"hidden\" name=\"utm_campaign\" \/>\n<input class=\"wpcf7-form-control wpcf7-hidden\" value=\"\" type=\"hidden\" name=\"utm_term\" \/>\n<input class=\"wpcf7-form-control wpcf7-hidden\" value=\"\" type=\"hidden\" name=\"utm_content\" \/>\n<input class=\"wpcf7-form-control wpcf7-hidden\" value=\"\" type=\"hidden\" name=\"utm_link\" \/>\n<input class=\"wpcf7-form-control wpcf7-hidden\" value=\"\" type=\"hidden\" name=\"referer\" \/>\n<input class=\"wpcf7-form-control wpcf7-hidden\" value=\"\" type=\"hidden\" name=\"gclid\" \/>\n<input class=\"wpcf7-form-control wpcf7-hidden\" value=\"\" type=\"hidden\" name=\"msclkid\" \/>\n<input class=\"wpcf7-form-control wpcf7-hidden\" value=\"\" type=\"hidden\" name=\"fbclid\" \/>\n<input class=\"wpcf7-form-control wpcf7-hidden\" value=\"\" type=\"hidden\" name=\"page_title\" \/>\n<input class=\"wpcf7-form-control wpcf7-hidden\" value=\"\" type=\"hidden\" name=\"projet\" \/>\n<input class=\"wpcf7-form-control wpcf7-hidden\" value=\"\" type=\"hidden\" name=\"logement\" \/>\n<br\/>\n\n<div class=\"form-group\"><div><input class=\"wpcf7-form-control wpcf7-submit event-signup btn btn-primary\" type=\"submit\" value=\"Inscription\"><\/div><\/div><input type='hidden' class='wpcf7-pum' value='{\"closepopup\":false,\"closedelay\":0,\"openpopup\":false,\"openpopup_id\":0}' \/><div class=\"wpcf7-response-output alert alert-warning\"><\/div>\n<\/form>\n<\/div>\n\n<\/div>\n<div class=\"wp-block-column\">\n<p style=\"text-align: center;\">Pourquoi venir ? \u00c0 part les cadeaux \u00e0 gagner et quelques surprises, vous aurez l&rsquo;occasion de pouvoir visiter les lieux et discuter avec les membres de notre \u00e9quipe et si vous avez le coup de foudre pour un appartement alors r\u00e9servez le sur place afin de profiter du vaste choix de lancement.<\/p>\n<p>Que ce soit pour y habiter, les vacances \/ weekends ou pour investir, R\u00e9sidence La Perle saura vous plaire.<\/p>\n<div style=\"text-align: center;\">\n    <a href=\"https:\/\/maps.app.goo.gl\/E6o4BwJHNYMwuBeD7\">Acc\u00e9dez \u00e0 la localisation<\/a>\n<\/div>\n<p><img loading=\"lazy\" decoding=\"async\" class=\"image-full lazyloaded aligncenter wp-image-7720 size-full\" src=\"https:\/\/kahimm.com\/wp-content\/uploads\/2023\/04\/Version2mapsFR.jpg\" alt=\"\" width=\"600\" height=\"600\" data-src=\"https:\/\/kahimm.com\/wp-content\/uploads\/2021\/02\/Maps-1.jpg\" \/><\/p>\n<p>Pour visionner la visite virtuelle, consulter les plans des logements, faire des demandes de devis ou encore chatter en ligne avec le service client\u00e8le de La Perle:<a style=\"margin-top: 10px; background: #88761a; color: white; padding: 15px 5px; clear: both; display: block; text-align: center; text-transform: uppercase; font-weight: bold;\" href=\"https:\/\/kahimm.com\/fr\/residence-la-perle\/\">Visitez la page R\u00e9sidence la PERLE<\/a><\/p>\n<\/div>\n<\/div>\n<h3 class=\"has-text-align-center\" style=\"text-align: center;\"><strong>R\u00e9sidence la PERLE<\/strong><\/h3>\n<div class=\"gallerie-photo-ski\">\n<div class=\"wp-block-columns\">\n<div class=\"wp-block-column\"><a class=\"fancybox\" title=\"\" rel=\"gallery-b\" data-caption=\"Bousten 21\"><br \/>\n<img loading=\"lazy\" decoding=\"async\" class=\"gal\" src=\"https:\/\/kahimm.com\/wp-content\/uploads\/2024\/10\/Format-carre-16-1.jpg\" alt=\" \" width=\"300\" height=\"300\" \/><\/a><\/div>\n<div class=\"wp-block-column\"><a class=\"fancybox\" title=\"\" href=\"https:\/\/kahimm.com\/wp-content\/uploads\/2024\/10\/Format-carre-15-1.jpg\" rel=\"gallery-b\" data-caption=\"Bousten 22\"><br \/>\n<img loading=\"lazy\" decoding=\"async\" class=\"gal\" src=\"https:\/\/kahimm.com\/wp-content\/uploads\/2024\/10\/Format-carre-15-1.jpg\" alt=\" \" width=\"300\" height=\"300\" \/><\/a><\/div>\n<div class=\"wp-block-column\"><a class=\"fancybox\" title=\"\" href=\"https:\/\/kahimm.com\/wp-content\/uploads\/2024\/10\/Format-carre-14.jpg\" rel=\"gallery-b\" data-caption=\"Bousten 23\"><br \/>\n<img loading=\"lazy\" decoding=\"async\" class=\"gal\" src=\"https:\/\/kahimm.com\/wp-content\/uploads\/2024\/10\/Format-carre-14.jpg\" alt=\" \" width=\"300\" height=\"300\" \/><\/a><\/div>\n<div class=\"wp-block-column\"><a class=\"fancybox\" title=\"\" href=\"https:\/\/kahimm.com\/wp-content\/uploads\/2024\/10\/Format-carre-09.jpg\" rel=\"gallery-b\" data-caption=\"Bousten 24\"><br \/>\n<img loading=\"lazy\" decoding=\"async\" class=\"gal\" src=\"https:\/\/kahimm.com\/wp-content\/uploads\/2024\/10\/Format-carre-09.jpg\" alt=\" \" width=\"300\" height=\"300\" \/><\/a><\/div>\n<\/div>\n<div class=\"wp-block-columns\">\n<div class=\"wp-block-column\"><a class=\"fancybox\" title=\"\" href=\"https:\/\/kahimm.com\/wp-content\/uploads\/2024\/10\/Format-carre-08.jpg\" rel=\"gallery-b\" data-caption=\"Bousten 25\"><br \/>\n<img loading=\"lazy\" decoding=\"async\" class=\"gal\" src=\"https:\/\/kahimm.com\/wp-content\/uploads\/2024\/10\/Format-carre-08.jpg\" alt=\" \" width=\"300\" height=\"300\" \/><\/a><\/div>\n<div class=\"wp-block-column\"><a class=\"fancybox\" title=\"\" href=\"https:\/\/kahimm.com\/wp-content\/uploads\/2024\/10\/Format-carre-01-1.jpg\" rel=\"gallery-b\" data-caption=\"Bousten 26\"><br \/>\n<img loading=\"lazy\" decoding=\"async\" class=\"gal\" src=\"https:\/\/kahimm.com\/wp-content\/uploads\/2024\/10\/Format-carre-01-1.jpg\" alt=\" \" width=\"300\" height=\"300\" \/><\/a><\/div>\n<\/div>\n<\/div>\n","protected":false},"excerpt":{"rendered":"<p>Journ\u00e9es portes ouvertes LA PERLE Envie d\u2019un appartement haut standing ? Alors venez visiter notre nouveau projet, R\u00e9sidence La PERLE, situ\u00e9 \u00e0 Sahloul 4, Sousse \u00e0 l\u2019occasion du weekend portes ouvertes. &nbsp; Date: le samedi 21 D\u00e9cembre et dimanche 22 D\u00e9cembre de 9h \u00e0 17h Lieu: R\u00e9sidence La PERLE Sahloul 4-Sousse, en face du Parc [&hellip;]<\/p>\n","protected":false},"author":24,"featured_media":0,"parent":0,"menu_order":0,"comment_status":"closed","ping_status":"closed","template":"","meta":{"footnotes":""},"class_list":["post-20524","page","type-page","status-publish","hentry"],"_links":{"self":[{"href":"https:\/\/www.kahimm.com\/fr\/wp-json\/wp\/v2\/pages\/20524","targetHints":{"allow":["GET"]}}],"collection":[{"href":"https:\/\/www.kahimm.com\/fr\/wp-json\/wp\/v2\/pages"}],"about":[{"href":"https:\/\/www.kahimm.com\/fr\/wp-json\/wp\/v2\/types\/page"}],"author":[{"embeddable":true,"href":"https:\/\/www.kahimm.com\/fr\/wp-json\/wp\/v2\/users\/24"}],"replies":[{"embeddable":true,"href":"https:\/\/www.kahimm.com\/fr\/wp-json\/wp\/v2\/comments?post=20524"}],"version-history":[{"count":9,"href":"https:\/\/www.kahimm.com\/fr\/wp-json\/wp\/v2\/pages\/20524\/revisions"}],"predecessor-version":[{"id":20559,"href":"https:\/\/www.kahimm.com\/fr\/wp-json\/wp\/v2\/pages\/20524\/revisions\/20559"}],"wp:attachment":[{"href":"https:\/\/www.kahimm.com\/fr\/wp-json\/wp\/v2\/media?parent=20524"}],"curies":[{"name":"wp","href":"https:\/\/api.w.org\/{rel}","templated":true}]}}