{"id":18160,"date":"2023-12-07T13:27:45","date_gmt":"2023-12-07T12:27:45","guid":{"rendered":"https:\/\/kahimm.com\/?page_id=18160"},"modified":"2024-06-13T17:43:50","modified_gmt":"2024-06-13T15:43:50","slug":"lp-event-sfax","status":"publish","type":"page","link":"https:\/\/www.kahimm.com\/fr\/lp-event-sfax\/","title":{"rendered":"Lp Event Sfax"},"content":{"rendered":"<h2 style=\"text-align: center;\">Journ\u00e9e r\u00e9sidences Bousten &#038; Costa @ H\u00f4tel IBIS Sfax<\/h2>\n<div class=\"wp-block-columns\">\n<div class=\"wp-block-column\">\n<p style=\"text-align: center;\">Envie d\u2019un appartement front de mer haut standing ?<\/p>\n<p>R\u00e9sidences Costa et Bousten se r\u00e9unissent et vous invitent \u00e0 la Journ\u00e9e D\u00e9couverte qui aura lieu le jeudi 20 juin 2024, \u00e0 l&rsquo;h\u00f4tel IBIS Sfax, avenue Majida Boulila, Sfax, de 09h \u00e0 18h30.<\/p>\n<p style=\"text-align: center;\"><em><strong>Date: le Jeudi 20 Juin 2024 <\/strong><\/em><\/p>\n<p><strong>Lieu: <\/strong> Avenue Majida Boulila, Sfax.<\/p>\n<p><strong>Veuillez confirmer votre participation en remplissant le formulaire suivant:<\/strong><\/p>\n\n<div class=\"wpcf7 no-js\" id=\"wpcf7-f18168-o1\" lang=\"fr-FR\" dir=\"ltr\" data-wpcf7-id=\"18168\">\n<div class=\"screen-reader-response\"><p role=\"status\" aria-live=\"polite\" aria-atomic=\"true\"><\/p> <ul><\/ul><\/div>\n<form action=\"\/fr\/wp-json\/wp\/v2\/pages\/18160#wpcf7-f18168-o1\" method=\"post\" class=\"wpcf7-form init\" aria-label=\"Formulaire de contact\" novalidate=\"novalidate\" data-status=\"init\">\n<fieldset class=\"hidden-fields-container\"><input type=\"hidden\" name=\"_wpcf7\" value=\"18168\" \/><input type=\"hidden\" name=\"_wpcf7_version\" value=\"6.1.4\" \/><input type=\"hidden\" name=\"_wpcf7_locale\" value=\"fr_FR\" \/><input type=\"hidden\" name=\"_wpcf7_unit_tag\" value=\"wpcf7-f18168-o1\" \/><input type=\"hidden\" name=\"_wpcf7_container_post\" value=\"0\" \/><input type=\"hidden\" name=\"_wpcf7_posted_data_hash\" value=\"\" \/><input type=\"hidden\" name=\"_wpcf7dtx_version\" value=\"5.0.3\" \/><input type=\"hidden\" name=\"_wpcf7_recaptcha_response\" value=\"\" \/>\n<\/fieldset>\n<div class=\"form-group prenom\"><label class=\"\"><strong>Nom &amp; pr\u00e9nom<\/strong> <span class=\"required\">*<\/span><\/label><input class=\"wpcf7-form-control wpcf7-text wpcf7-validates-as-required form-control\" name=\"prenom\" type=\"text\" value=\"\" aria-invalid=\"false\" aria-required=\"true\" required><\/div>\n<div class=\"form-group email\"><label class=\"\"><strong>Email<\/strong> <span class=\"required\">*<\/span><\/label><input class=\"wpcf7-form-control wpcf7-email wpcf7-validates-as-required wpcf7-text wpcf7-validates-as-email form-control\" name=\"email\" type=\"email\" value=\"\" aria-invalid=\"false\" aria-required=\"true\" required><\/div>\n<div class=\"form-group telephone\"><label class=\"\"><strong>T\u00e9l\u00e9phone<\/strong> <span class=\"required\">*<\/span><\/label><input class=\"wpcf7-form-control wpcf7-tel wpcf7-validates-as-required wpcf7-text wpcf7-validates-as-tel form-control\" name=\"telephone\" type=\"tel\" value=\"\" aria-invalid=\"false\" aria-required=\"true\" required><\/div>\n\n<input class=\"wpcf7-form-control wpcf7-hidden\" value=\"\" type=\"hidden\" name=\"utm_source\" \/>\n<input class=\"wpcf7-form-control wpcf7-hidden\" value=\"\" type=\"hidden\" name=\"utm_medium\" \/>\n<input class=\"wpcf7-form-control wpcf7-hidden\" value=\"\" type=\"hidden\" name=\"utm_campaign\" \/>\n<input class=\"wpcf7-form-control wpcf7-hidden\" value=\"\" type=\"hidden\" name=\"utm_term\" \/>\n<input class=\"wpcf7-form-control wpcf7-hidden\" value=\"\" type=\"hidden\" name=\"utm_content\" \/>\n<input class=\"wpcf7-form-control wpcf7-hidden\" value=\"\" type=\"hidden\" name=\"utm_link\" \/>\n<input class=\"wpcf7-form-control wpcf7-hidden\" value=\"\" type=\"hidden\" name=\"referer\" \/>\n<input class=\"wpcf7-form-control wpcf7-hidden\" value=\"\" type=\"hidden\" name=\"gclid\" \/>\n<input class=\"wpcf7-form-control wpcf7-hidden\" value=\"\" type=\"hidden\" name=\"msclkid\" \/>\n<input class=\"wpcf7-form-control wpcf7-hidden\" value=\"\" type=\"hidden\" name=\"fbclid\" \/>\n<input class=\"wpcf7-form-control wpcf7-hidden\" value=\"\" type=\"hidden\" name=\"page_title\" \/>\n<input class=\"wpcf7-form-control wpcf7-hidden\" value=\"\" type=\"hidden\" name=\"projet\" \/>\n<input class=\"wpcf7-form-control wpcf7-hidden\" value=\"\" type=\"hidden\" name=\"logement\" \/>\n\n<div class=\"form-group\"><div><input class=\"wpcf7-form-control wpcf7-submit event-signup btn btn-primary\" type=\"submit\" value=\"Inscription\"><\/div><\/div><input type='hidden' class='wpcf7-pum' value='{\"closepopup\":false,\"closedelay\":0,\"openpopup\":false,\"openpopup_id\":0}' \/><div class=\"wpcf7-response-output alert alert-warning\"><\/div>\n<\/form>\n<\/div>\n\n<\/div>\n<div class=\"wp-block-column\">\n<p style=\"text-align: center;\">Pourquoi nous rejoindre ? En plus des cadeaux \u00e0 gagner et des surprises qui vous attendent, vous aurez l&rsquo;opportunit\u00e9 d&rsquo;engager des discussions enrichissantes avec les membres de notre \u00e9quipe. Si vous tombez sous le charme d&rsquo;un appartement, saisissez l&rsquo;occasion de le r\u00e9server sur place et explorez notre large s\u00e9lection.<\/p>\n<p>Que ce soit pour y habiter, les vacances \/ weekends ou pour investir, la R\u00e9sidence Costa saura vous plaire.<\/p>\n<p><img loading=\"lazy\" decoding=\"async\" class=\" wp-image-18172 aligncenter\" src=\"https:\/\/kahimm.com\/wp-content\/uploads\/2023\/12\/AFFICHE-RESIDENCE-costa-mall-of-sfax-300x300.jpg\" alt=\"\" width=\"668\" height=\"668\" srcset=\"https:\/\/www.kahimm.com\/wp-content\/uploads\/2023\/12\/AFFICHE-RESIDENCE-costa-mall-of-sfax-300x300.jpg 300w, https:\/\/www.kahimm.com\/wp-content\/uploads\/2023\/12\/AFFICHE-RESIDENCE-costa-mall-of-sfax-1024x1024.jpg 1024w, https:\/\/www.kahimm.com\/wp-content\/uploads\/2023\/12\/AFFICHE-RESIDENCE-costa-mall-of-sfax-150x150.jpg 150w, https:\/\/www.kahimm.com\/wp-content\/uploads\/2023\/12\/AFFICHE-RESIDENCE-costa-mall-of-sfax-768x768.jpg 768w, https:\/\/www.kahimm.com\/wp-content\/uploads\/2023\/12\/AFFICHE-RESIDENCE-costa-mall-of-sfax.jpg 1080w\" sizes=\"auto, (max-width: 668px) 100vw, 668px\" \/><\/p>\n<p>Pour visionner la visite virtuelle, consulter les plans des logements, faire des demandes de devis ou encore chatter en ligne avec le service client\u00e8le de Costa:<\/p>\n<p><a style=\"margin-top: 10px; background: #88761a; color: white; padding: 15px 5px; clear: both; display: block; text-align: center; text-transform: uppercase; font-weight: bold;\" href=\"https:\/\/kahimm.com\/fr\/residence-costa\/\">Visitez la page R\u00e9sidence COSTA<\/a><\/p>\n<\/div>\n<\/div>\n<h3 class=\"has-text-align-center\" style=\"text-align: center;\"><strong>R\u00e9sidence COSTA<\/strong><\/h3>\n<div class=\"residence-photos\"><div class=\"carousel-slider-outer carousel-slider-outer-image-carousel carousel-slider-outer-7701\" style=\"--carousel-slider-nav-color:#f1f1f1;--carousel-slider-active-nav-color:#3a4d6a;--carousel-slider-arrow-size:48px;--carousel-slider-bullet-size:10px\">\n<div id=\"&#039;id-7701\" class=\"carousel-slider carousel-slider-7701 arrows-visibility-always dots-visibility-always arrows-inside dots-center dots-circle owl-carousel\" data-slide-type=\"image-carousel\" data-owl-settings='{\"nav\":true,\"dots\":true,\"slideBy\":1,\"stagePadding\":0,\"margin\":50,\"loop\":true,\"lazyLoad\":false,\"autoplay\":true,\"autoplayTimeout\":5000,\"autoplaySpeed\":5000,\"autoplayHoverPause\":true,\"autoWidth\":true,\"responsive\":{\"300\":{\"items\":1},\"576\":{\"items\":2},\"768\":{\"items\":2},\"1024\":{\"items\":3},\"1280\":{\"items\":4},\"1536\":{\"items\":5}}}'>\n<div class=\"carousel-slider__item\">\n\t<a class=\"magnific-popup\" href=\"https:\/\/www.kahimm.com\/wp-content\/uploads\/2020\/12\/costa_exterieur-1.jpg\" data-width=\"342\" data-height=\"342\"><img loading=\"lazy\" decoding=\"async\" width=\"342\" height=\"342\" src=\"https:\/\/www.kahimm.com\/wp-content\/uploads\/2020\/12\/costa_exterieur-1.jpg\" class=\"attachment-medium_large size-medium_large\" alt=\"Entr\u00e9 principale de la r\u00e9sidence Costa sur la route de chott Mariem\" srcset=\"https:\/\/www.kahimm.com\/wp-content\/uploads\/2020\/12\/costa_exterieur-1.jpg 342w, https:\/\/www.kahimm.com\/wp-content\/uploads\/2020\/12\/costa_exterieur-1-300x300.jpg 300w, https:\/\/www.kahimm.com\/wp-content\/uploads\/2020\/12\/costa_exterieur-1-150x150.jpg 150w\" sizes=\"auto, (max-width: 342px) 100vw, 342px\" \/><div class=\"carousel-slider__caption\"><h4 class=\"title\">R\u00e9sidence Costa<\/h4><p class=\"caption\">Vue sur l&#039;entr\u00e9e<\/p><\/div><\/a><\/div>\n\n<div class=\"carousel-slider__item\">\n\t<a class=\"magnific-popup\" href=\"https:\/\/www.kahimm.com\/wp-content\/uploads\/2020\/12\/costa_interieur_1_bis.jpg\" data-width=\"342\" data-height=\"342\"><img loading=\"lazy\" decoding=\"async\" width=\"342\" height=\"342\" src=\"https:\/\/www.kahimm.com\/wp-content\/uploads\/2020\/12\/costa_interieur_1_bis.jpg\" class=\"attachment-medium_large size-medium_large\" alt=\"vue int\u00e9rieur chambre r\u00e9sidence costa\" srcset=\"https:\/\/www.kahimm.com\/wp-content\/uploads\/2020\/12\/costa_interieur_1_bis.jpg 342w, https:\/\/www.kahimm.com\/wp-content\/uploads\/2020\/12\/costa_interieur_1_bis-300x300.jpg 300w, https:\/\/www.kahimm.com\/wp-content\/uploads\/2020\/12\/costa_interieur_1_bis-150x150.jpg 150w\" sizes=\"auto, (max-width: 342px) 100vw, 342px\" \/><div class=\"carousel-slider__caption\"><h4 class=\"title\">R\u00e9sidence Costa<\/h4><p class=\"caption\">Int\u00e9rieur chambre<\/p><\/div><\/a><\/div>\n\n<div class=\"carousel-slider__item\">\n\t<a class=\"magnific-popup\" href=\"https:\/\/www.kahimm.com\/wp-content\/uploads\/2020\/12\/costa_mer-1.jpg\" data-width=\"342\" data-height=\"342\"><img loading=\"lazy\" decoding=\"async\" width=\"342\" height=\"342\" src=\"https:\/\/www.kahimm.com\/wp-content\/uploads\/2020\/12\/costa_mer-1.jpg\" class=\"attachment-medium_large size-medium_large\" alt=\"vue depuis la mer sur la r\u00e9sidence costa\" srcset=\"https:\/\/www.kahimm.com\/wp-content\/uploads\/2020\/12\/costa_mer-1.jpg 342w, https:\/\/www.kahimm.com\/wp-content\/uploads\/2020\/12\/costa_mer-1-300x300.jpg 300w, https:\/\/www.kahimm.com\/wp-content\/uploads\/2020\/12\/costa_mer-1-150x150.jpg 150w\" sizes=\"auto, (max-width: 342px) 100vw, 342px\" \/><div class=\"carousel-slider__caption\"><h4 class=\"title\">R\u00e9sidence Costa<\/h4><p class=\"caption\">Vu de mer <\/p><\/div><\/a><\/div>\n\n<div class=\"carousel-slider__item\">\n\t<a class=\"magnific-popup\" href=\"https:\/\/www.kahimm.com\/wp-content\/uploads\/2020\/12\/costa_picsine_plage_bis.jpg\" data-width=\"342\" data-height=\"342\"><img loading=\"lazy\" decoding=\"async\" width=\"342\" height=\"342\" src=\"https:\/\/www.kahimm.com\/wp-content\/uploads\/2020\/12\/costa_picsine_plage_bis.jpg\" class=\"attachment-medium_large size-medium_large\" alt=\"\" srcset=\"https:\/\/www.kahimm.com\/wp-content\/uploads\/2020\/12\/costa_picsine_plage_bis.jpg 342w, https:\/\/www.kahimm.com\/wp-content\/uploads\/2020\/12\/costa_picsine_plage_bis-300x300.jpg 300w, https:\/\/www.kahimm.com\/wp-content\/uploads\/2020\/12\/costa_picsine_plage_bis-150x150.jpg 150w\" sizes=\"auto, (max-width: 342px) 100vw, 342px\" \/><div class=\"carousel-slider__caption\"><h4 class=\"title\">R\u00e9sidence Costa<\/h4><p class=\"caption\">Vue sur jardin et piscine<\/p><\/div><\/a><\/div>\n\n<div class=\"carousel-slider__item\">\n\t<a class=\"magnific-popup\" href=\"https:\/\/www.kahimm.com\/wp-content\/uploads\/2020\/12\/costa_interieur_2-1.jpg\" data-width=\"342\" data-height=\"342\"><img loading=\"lazy\" decoding=\"async\" width=\"342\" height=\"342\" src=\"https:\/\/www.kahimm.com\/wp-content\/uploads\/2020\/12\/costa_interieur_2-1.jpg\" class=\"attachment-medium_large size-medium_large\" alt=\"\" srcset=\"https:\/\/www.kahimm.com\/wp-content\/uploads\/2020\/12\/costa_interieur_2-1.jpg 342w, https:\/\/www.kahimm.com\/wp-content\/uploads\/2020\/12\/costa_interieur_2-1-300x300.jpg 300w, https:\/\/www.kahimm.com\/wp-content\/uploads\/2020\/12\/costa_interieur_2-1-150x150.jpg 150w\" sizes=\"auto, (max-width: 342px) 100vw, 342px\" \/><div class=\"carousel-slider__caption\"><h4 class=\"title\">R\u00e9sidence Costa<\/h4><p class=\"caption\">Int\u00e9rieur salon<\/p><\/div><\/a><\/div>\n\n<div class=\"carousel-slider__item\">\n\t<a class=\"magnific-popup\" href=\"https:\/\/www.kahimm.com\/wp-content\/uploads\/2020\/12\/costa_jardin-1.jpg\" data-width=\"342\" data-height=\"342\"><img loading=\"lazy\" decoding=\"async\" width=\"342\" height=\"342\" src=\"https:\/\/www.kahimm.com\/wp-content\/uploads\/2020\/12\/costa_jardin-1.jpg\" class=\"attachment-medium_large size-medium_large\" alt=\"\" srcset=\"https:\/\/www.kahimm.com\/wp-content\/uploads\/2020\/12\/costa_jardin-1.jpg 342w, https:\/\/www.kahimm.com\/wp-content\/uploads\/2020\/12\/costa_jardin-1-300x300.jpg 300w, https:\/\/www.kahimm.com\/wp-content\/uploads\/2020\/12\/costa_jardin-1-150x150.jpg 150w\" sizes=\"auto, (max-width: 342px) 100vw, 342px\" \/><div class=\"carousel-slider__caption\"><h4 class=\"title\">R\u00e9sidence Costa<\/h4><p class=\"caption\">Vue sur jardin<\/p><\/div><\/a><\/div>\n\n<div class=\"carousel-slider__item\">\n\t<a class=\"magnific-popup\" href=\"https:\/\/www.kahimm.com\/wp-content\/uploads\/2020\/12\/costa_piscine-1.jpg\" data-width=\"342\" data-height=\"342\"><img loading=\"lazy\" decoding=\"async\" width=\"342\" height=\"342\" src=\"https:\/\/www.kahimm.com\/wp-content\/uploads\/2020\/12\/costa_piscine-1.jpg\" class=\"attachment-medium_large size-medium_large\" alt=\"\" srcset=\"https:\/\/www.kahimm.com\/wp-content\/uploads\/2020\/12\/costa_piscine-1.jpg 342w, https:\/\/www.kahimm.com\/wp-content\/uploads\/2020\/12\/costa_piscine-1-300x300.jpg 300w, https:\/\/www.kahimm.com\/wp-content\/uploads\/2020\/12\/costa_piscine-1-150x150.jpg 150w\" sizes=\"auto, (max-width: 342px) 100vw, 342px\" \/><div class=\"carousel-slider__caption\"><h4 class=\"title\">R\u00e9sidence Costa<\/h4><p class=\"caption\">Vue sur piscine<\/p><\/div><\/a><\/div>\n\n<\/div><!-- .carousel-slider-7701 -->\n<\/div><!-- .carousel-slider-outer-7701 -->\n<\/div>\n","protected":false},"excerpt":{"rendered":"<p>Journ\u00e9e r\u00e9sidences Bousten &#038; Costa @ H\u00f4tel IBIS Sfax Envie d\u2019un appartement front de mer haut standing ? R\u00e9sidences Costa et Bousten se r\u00e9unissent et vous invitent \u00e0 la Journ\u00e9e D\u00e9couverte qui aura lieu le jeudi 20 juin 2024, \u00e0 l&rsquo;h\u00f4tel IBIS Sfax, avenue Majida Boulila, Sfax, de 09h \u00e0 18h30. Date: le Jeudi 20 [&hellip;]<\/p>\n","protected":false},"author":24,"featured_media":0,"parent":0,"menu_order":0,"comment_status":"closed","ping_status":"closed","template":"","meta":{"footnotes":""},"class_list":["post-18160","page","type-page","status-publish","hentry"],"_links":{"self":[{"href":"https:\/\/www.kahimm.com\/fr\/wp-json\/wp\/v2\/pages\/18160","targetHints":{"allow":["GET"]}}],"collection":[{"href":"https:\/\/www.kahimm.com\/fr\/wp-json\/wp\/v2\/pages"}],"about":[{"href":"https:\/\/www.kahimm.com\/fr\/wp-json\/wp\/v2\/types\/page"}],"author":[{"embeddable":true,"href":"https:\/\/www.kahimm.com\/fr\/wp-json\/wp\/v2\/users\/24"}],"replies":[{"embeddable":true,"href":"https:\/\/www.kahimm.com\/fr\/wp-json\/wp\/v2\/comments?post=18160"}],"version-history":[{"count":11,"href":"https:\/\/www.kahimm.com\/fr\/wp-json\/wp\/v2\/pages\/18160\/revisions"}],"predecessor-version":[{"id":19358,"href":"https:\/\/www.kahimm.com\/fr\/wp-json\/wp\/v2\/pages\/18160\/revisions\/19358"}],"wp:attachment":[{"href":"https:\/\/www.kahimm.com\/fr\/wp-json\/wp\/v2\/media?parent=18160"}],"curies":[{"name":"wp","href":"https:\/\/api.w.org\/{rel}","templated":true}]}}