{"id":16842,"date":"2023-07-06T13:49:41","date_gmt":"2023-07-06T11:49:41","guid":{"rendered":"https:\/\/kahimm.com\/?page_id=16842"},"modified":"2024-08-29T15:36:47","modified_gmt":"2024-08-29T13:36:47","slug":"lp-event-bousten","status":"publish","type":"page","link":"https:\/\/www.kahimm.com\/fr\/lp-event-bousten\/","title":{"rendered":"LP event Bousten"},"content":{"rendered":"<h2 style=\"text-align: center;\">Weekend Portes Ouvertes\u00a0R\u00e9sidence Bousten 2024<\/h2>\n<div class=\"wp-block-columns\" style=\"padding: 20px;\">\n<div class=\"wp-block-column\">\n<p style=\"text-align: center;\">Vous \u00eates \u00e0 la recherche d&rsquo;un appartement de haut standing au bord de la mer ?<\/p>\n<p>Nous avons le plaisir de vous convier \u00e0 notre nouveau projet, la <strong>R\u00e9sidence Bousten<\/strong>, id\u00e9alement situ\u00e9e \u00e0 quelques pas de la plage \u00e0 Hammamet. \u00c0 cette occasion, nous organisons des journ\u00e9es portes ouvertes <strong>les samedi 7 et dimanche 8 Septembre 2024, de 9h \u00e0 18h<\/strong>.<\/p>\n<p>Venez nous rejoindre au bureau de vente de la <strong>R\u00e9sidence Bousten<\/strong>,<br \/>\nAdresse: Avenue de l&rsquo;Environnement, en face de l&rsquo;H\u00f4tel Regency \u00e0 Hammamet.<br \/>\nProfitez de cette opportunit\u00e9 pour d\u00e9couvrir notre r\u00e9sidence de haut standing et ses nombreux avantages.<\/p>\n<p>Nous serons enchant\u00e9s de vous accueillir et de r\u00e9pondre \u00e0 toutes vos interrogations.<\/p>\n<p><img loading=\"lazy\" decoding=\"async\" class=\" wp-image-16802 aligncenter\" src=\"https:\/\/kahimm.com\/wp-content\/uploads\/2023\/06\/beach--300x200.jpg\" alt=\"\" width=\"512\" height=\"341\" srcset=\"https:\/\/www.kahimm.com\/wp-content\/uploads\/2023\/06\/beach--300x200.jpg 300w, https:\/\/www.kahimm.com\/wp-content\/uploads\/2023\/06\/beach--1024x683.jpg 1024w, https:\/\/www.kahimm.com\/wp-content\/uploads\/2023\/06\/beach--768x512.jpg 768w, https:\/\/www.kahimm.com\/wp-content\/uploads\/2023\/06\/beach--1200x800.jpg 1200w, https:\/\/www.kahimm.com\/wp-content\/uploads\/2023\/06\/beach-.jpg 1500w\" sizes=\"auto, (max-width: 512px) 100vw, 512px\" \/><\/p>\n<p><strong><em>+<\/em><\/strong> <a href=\"https:\/\/kahimm.com\/fr\/residence-bousten-3\/\">R\u00e9sidence Bousten <\/a> \u00e0 Hammamet sud, zone Touristique \u00e0 quelques pas de la plage.<\/p>\n<p style=\"text-align: center;\">Vous aurez l\u2019occasion de choisir votre appartement haut standing utilisant le dernier cri en termes de domotique\/smart home et bien s\u00fbr notre \u00e9quipe sera pr\u00e9sente pour r\u00e9pondre \u00e0 vos questions, donner les prix, etc.<\/p>\n<\/div>\n<div class=\"wp-block-column\">\n<p><strong>Veuillez confirmer votre pr\u00e9sence en remplissant le formulaire suivant:<\/strong><\/p>\n<div style=\"background: #ffb400; color: #3a4d6a!important; padding: 15px; border-radius: 10px;\">\n<div class=\"wpcf7 no-js\" id=\"wpcf7-f11730-o1\" lang=\"fr-FR\" dir=\"ltr\" data-wpcf7-id=\"11730\">\n<div class=\"screen-reader-response\"><p role=\"status\" aria-live=\"polite\" aria-atomic=\"true\"><\/p> <ul><\/ul><\/div>\n<form action=\"\/fr\/wp-json\/wp\/v2\/pages\/16842#wpcf7-f11730-o1\" method=\"post\" class=\"wpcf7-form init\" aria-label=\"Formulaire de contact\" novalidate=\"novalidate\" data-status=\"init\">\n<fieldset class=\"hidden-fields-container\"><input type=\"hidden\" name=\"_wpcf7\" value=\"11730\" \/><input type=\"hidden\" name=\"_wpcf7_version\" value=\"6.1.4\" \/><input type=\"hidden\" name=\"_wpcf7_locale\" value=\"fr_FR\" \/><input type=\"hidden\" name=\"_wpcf7_unit_tag\" value=\"wpcf7-f11730-o1\" \/><input type=\"hidden\" name=\"_wpcf7_container_post\" value=\"0\" \/><input type=\"hidden\" name=\"_wpcf7_posted_data_hash\" value=\"\" \/><input type=\"hidden\" name=\"_wpcf7dtx_version\" value=\"5.0.3\" \/><input type=\"hidden\" name=\"_wpcf7_recaptcha_response\" value=\"\" \/>\n<\/fieldset>\n<div class=\"form-group prenom\"><label class=\"\"><strong>Nom &amp; pr\u00e9nom<\/strong> <span class=\"required\">*<\/span><\/label><input class=\"wpcf7-form-control wpcf7-text wpcf7-validates-as-required form-control\" name=\"prenom\" type=\"text\" value=\"\" aria-invalid=\"false\" aria-required=\"true\" required><\/div>\n<div class=\"form-group email\"><label class=\"\"><strong>Email<\/strong> <span class=\"required\">*<\/span><\/label><input class=\"wpcf7-form-control wpcf7-email wpcf7-validates-as-required wpcf7-text wpcf7-validates-as-email form-control\" name=\"email\" type=\"email\" value=\"\" aria-invalid=\"false\" aria-required=\"true\" required><\/div>\n<div class=\"form-group telephone\"><label class=\"\"><strong>T\u00e9l\u00e9phone<\/strong> <span class=\"required\">*<\/span><\/label><input class=\"wpcf7-form-control wpcf7-tel wpcf7-validates-as-required wpcf7-text wpcf7-validates-as-tel form-control\" name=\"telephone\" type=\"tel\" value=\"\" aria-invalid=\"false\" aria-required=\"true\" required><\/div><br>\n<input class=\"wpcf7-form-control wpcf7-hidden\" value=\"\" type=\"hidden\" name=\"utm_source\" \/>\n<input class=\"wpcf7-form-control wpcf7-hidden\" value=\"\" type=\"hidden\" name=\"utm_medium\" \/>\n<input class=\"wpcf7-form-control wpcf7-hidden\" value=\"\" type=\"hidden\" name=\"utm_campaign\" \/>\n<input class=\"wpcf7-form-control wpcf7-hidden\" value=\"\" type=\"hidden\" name=\"utm_term\" \/>\n<input class=\"wpcf7-form-control wpcf7-hidden\" value=\"\" type=\"hidden\" name=\"utm_content\" \/>\n<input class=\"wpcf7-form-control wpcf7-hidden\" value=\"\" type=\"hidden\" name=\"utm_link\" \/>\n<input class=\"wpcf7-form-control wpcf7-hidden\" value=\"\" type=\"hidden\" name=\"referer\" \/>\n<input class=\"wpcf7-form-control wpcf7-hidden\" value=\"\" type=\"hidden\" name=\"gclid\" \/>\n<input class=\"wpcf7-form-control wpcf7-hidden\" value=\"\" type=\"hidden\" name=\"msclkid\" \/>\n<input class=\"wpcf7-form-control wpcf7-hidden\" value=\"\" type=\"hidden\" name=\"fbclid\" \/>\n<input class=\"wpcf7-form-control wpcf7-hidden\" value=\"\" type=\"hidden\" name=\"page_title\" \/>\n<input class=\"wpcf7-form-control wpcf7-hidden\" value=\"\" type=\"hidden\" name=\"projet\" \/>\n<input class=\"wpcf7-form-control wpcf7-hidden\" value=\"\" type=\"hidden\" name=\"logement\" \/>\n\n<div class=\"form-group\"><div><input class=\"wpcf7-form-control wpcf7-submit event-signup btn btn-primary\" type=\"submit\" value=\"Inscription\"><\/div><\/div><input type='hidden' class='wpcf7-pum' value='{\"closepopup\":false,\"closedelay\":0,\"openpopup\":false,\"openpopup_id\":0}' \/><div class=\"wpcf7-response-output alert alert-warning\"><\/div>\n<\/form>\n<\/div>\n<\/div>\n<p>&nbsp;<\/p>\n<p><strong>Lieu: Avenue de l\u2019environnement, devant H\u00f4tel Regency \u2013 Hammamet<\/strong><\/p>\n<p>&nbsp;<\/p>\n<p>Profitez du vaste choix d&rsquo;appartements <strong>S+1<\/strong> \u00e0 <strong>S+3<\/strong> encore disponibles ! Vous avez un coup de c\u0153ur avec un appartement ? Vous pouvez le r\u00e9server imm\u00e9diatement.<\/p>\n<p>Des remises \u00e0 dur\u00e9e limit\u00e9e, des cadeaux et surprises qui vous seront offerts lors de ces journ\u00e9es sp\u00e9ciales. Ne ratez pas donc l\u2019occasion de participer.<\/p>\n<p>Pour plus d\u2019informations, vous pouvez nous contacter au <a href=\"tel:+21670258800\">70258800<\/a><\/p>\n<\/div>\n<\/div>\n<h3 class=\"has-text-align-center\" style=\"text-align: center;\"><strong>R\u00e9sidence BOUSTEN<\/strong><\/h3>\n<div class=\"gallerie-photo-ski\">\n<div class=\"wp-block-columns\">\n<div class=\"wp-block-column\"><a class=\"fancybox\" title=\"\" href=\"https:\/\/kahimm.com\/Photos\/bousten2\/nouveau_rendu\/1.jpg\" rel=\"gallery-b\" data-caption=\"Bousten 21\"><br \/>\n<img loading=\"lazy\" decoding=\"async\" class=\"gal\" src=\"https:\/\/kahimm.com\/Photos\/bousten2\/nouveau_rendu\/1_1.jpg\" alt=\" \" width=\"300\" height=\"300\" \/><\/a><\/div>\n<div class=\"wp-block-column\"><a class=\"fancybox\" title=\"\" href=\"https:\/\/kahimm.com\/Photos\/bousten2\/nouveau_rendu\/2.jpg\" rel=\"gallery-b\" data-caption=\"Bousten 22\"><br \/>\n<img loading=\"lazy\" decoding=\"async\" class=\"gal\" src=\"https:\/\/kahimm.com\/Photos\/bousten2\/nouveau_rendu\/2_1.jpg\" alt=\" \" width=\"300\" height=\"300\" \/><\/a><\/div>\n<div class=\"wp-block-column\"><a class=\"fancybox\" title=\"\" href=\"https:\/\/kahimm.com\/Photos\/bousten2\/nouveau_rendu\/3.jpg\" rel=\"gallery-b\" data-caption=\"Bousten 23\"><br \/>\n<img loading=\"lazy\" decoding=\"async\" class=\"gal\" src=\"https:\/\/kahimm.com\/Photos\/bousten2\/nouveau_rendu\/3_1.jpg\" alt=\" \" width=\"300\" height=\"300\" \/><\/a><\/div>\n<div class=\"wp-block-column\"><a class=\"fancybox\" title=\"\" href=\"https:\/\/kahimm.com\/Photos\/bousten2\/nouveau_rendu\/4.jpg\" rel=\"gallery-b\" data-caption=\"Bousten 24\"><br \/>\n<img loading=\"lazy\" decoding=\"async\" class=\"gal\" src=\"https:\/\/kahimm.com\/Photos\/bousten2\/nouveau_rendu\/4_1.jpg\" alt=\" \" width=\"300\" height=\"300\" \/><\/a><\/div>\n<\/div>\n<div class=\"wp-block-columns\">\n<div class=\"wp-block-column\"><a class=\"fancybox\" title=\"\" href=\"https:\/\/kahimm.com\/Photos\/bousten2\/nouveau_rendu\/5.jpg\" rel=\"gallery-b\" data-caption=\"Bousten 25\"><br \/>\n<img loading=\"lazy\" decoding=\"async\" class=\"gal\" src=\"https:\/\/kahimm.com\/Photos\/bousten2\/nouveau_rendu\/5_1.jpg\" alt=\" \" width=\"300\" height=\"300\" \/><\/a><\/div>\n<div class=\"wp-block-column\"><a class=\"fancybox\" title=\"\" href=\"https:\/\/kahimm.com\/Photos\/bousten2\/nouveau_rendu\/10.jpg\" rel=\"gallery-b\" data-caption=\"Bousten 26\"><br \/>\n<img loading=\"lazy\" decoding=\"async\" class=\"gal\" src=\"https:\/\/kahimm.com\/Photos\/bousten2\/nouveau_rendu\/10_1.jpg\" alt=\" \" width=\"300\" height=\"300\" \/><\/a><\/div>\n<div class=\"wp-block-column\"><a class=\"fancybox\" title=\"\" href=\"https:\/\/kahimm.com\/Photos\/bousten2\/nouveau_rendu\/7.jpg\" rel=\"gallery-b\" data-caption=\"Bousten 27\"><br \/>\n<img loading=\"lazy\" decoding=\"async\" class=\"gal\" src=\"https:\/\/kahimm.com\/Photos\/bousten2\/nouveau_rendu\/7_1.jpg\" alt=\" \" width=\"300\" height=\"300\" \/><\/a><\/div>\n<div class=\"wp-block-column\"><a class=\"fancybox\" title=\"\" href=\"https:\/\/kahimm.com\/Photos\/bousten2\/nouveau_rendu\/8.jpg\" rel=\"gallery-b\" data-caption=\"Bousten 28\"><br \/>\n<img loading=\"lazy\" decoding=\"async\" class=\"gal\" src=\"https:\/\/kahimm.com\/Photos\/bousten2\/nouveau_rendu\/8_1.jpg\" alt=\" \" width=\"300\" height=\"300\" \/><\/a><\/div>\n<div class=\"wp-block-column\"><a class=\"fancybox\" title=\"\" href=\"https:\/\/kahimm.com\/Photos\/bousten2\/nouveau_rendu\/9.jpg\" rel=\"gallery-b\" data-caption=\"Bousten 29\"><br \/>\n<img loading=\"lazy\" decoding=\"async\" class=\"gal\" src=\"https:\/\/kahimm.com\/Photos\/bousten2\/nouveau_rendu\/9_1.jpg\" alt=\" \" width=\"300\" height=\"300\" \/><\/a><\/div>\n<\/div>\n<\/div>\n","protected":false},"excerpt":{"rendered":"<p>Weekend Portes Ouvertes\u00a0R\u00e9sidence Bousten 2024 Vous \u00eates \u00e0 la recherche d&rsquo;un appartement de haut standing au bord de la mer ? Nous avons le plaisir de vous convier \u00e0 notre nouveau projet, la R\u00e9sidence Bousten, id\u00e9alement situ\u00e9e \u00e0 quelques pas de la plage \u00e0 Hammamet. \u00c0 cette occasion, nous organisons des journ\u00e9es portes ouvertes les [&hellip;]<\/p>\n","protected":false},"author":24,"featured_media":0,"parent":0,"menu_order":0,"comment_status":"closed","ping_status":"closed","template":"","meta":{"footnotes":""},"class_list":["post-16842","page","type-page","status-publish","hentry"],"_links":{"self":[{"href":"https:\/\/www.kahimm.com\/fr\/wp-json\/wp\/v2\/pages\/16842","targetHints":{"allow":["GET"]}}],"collection":[{"href":"https:\/\/www.kahimm.com\/fr\/wp-json\/wp\/v2\/pages"}],"about":[{"href":"https:\/\/www.kahimm.com\/fr\/wp-json\/wp\/v2\/types\/page"}],"author":[{"embeddable":true,"href":"https:\/\/www.kahimm.com\/fr\/wp-json\/wp\/v2\/users\/24"}],"replies":[{"embeddable":true,"href":"https:\/\/www.kahimm.com\/fr\/wp-json\/wp\/v2\/comments?post=16842"}],"version-history":[{"count":11,"href":"https:\/\/www.kahimm.com\/fr\/wp-json\/wp\/v2\/pages\/16842\/revisions"}],"predecessor-version":[{"id":19800,"href":"https:\/\/www.kahimm.com\/fr\/wp-json\/wp\/v2\/pages\/16842\/revisions\/19800"}],"wp:attachment":[{"href":"https:\/\/www.kahimm.com\/fr\/wp-json\/wp\/v2\/media?parent=16842"}],"curies":[{"name":"wp","href":"https:\/\/api.w.org\/{rel}","templated":true}]}}