{"id":13054,"date":"2022-02-25T16:08:38","date_gmt":"2022-02-25T15:08:38","guid":{"rendered":"https:\/\/kahimm.com\/?page_id=13054"},"modified":"2024-06-14T16:57:27","modified_gmt":"2024-06-14T14:57:27","slug":"lp-event-sfax-ibis","status":"publish","type":"page","link":"https:\/\/www.kahimm.com\/fr\/lp-event-sfax-ibis\/","title":{"rendered":"LP event Sfax"},"content":{"rendered":"<h2 style=\"text-align: center;\">Journ\u00e9e r\u00e9sidences Bousten &amp; Costa @ H\u00f4tel IBIS Sfax<\/h2>\n<div class=\"wp-block-columns\" style=\"padding: 20px;\">\n<div class=\"wp-block-column\">\n<p><strong><em>Profitez de votre \u00e9t\u00e9 !<\/em><\/strong><\/p>\n<p style=\"text-align: center;\"><strong>R\u00e9sidence Costa<\/strong> et <strong>R\u00e9sidence Bousten<\/strong> se r\u00e9unissent et vous invitent \u00e0 la Journ\u00e9e D\u00e9couverte qui aura lieu le jeudi 20 juin 2024, \u00e0 <strong>H\u00f4tel IBIS Sfax<\/strong>, avenue Majida Boulila, Sfax, de 09h \u00e0 18h30.<\/p>\n<p style=\"text-align: center;\"><strong><span class=\"corrected-phrase corrected-phrase_synonyms-mode ng-star-inserted\" data-end=\"1\" data-originaltext=\"Le\" data-start=\"0\" data-text=\"\"><span class=\"corrected-phrase__displayed-text corrected-phrase__displayed-text_no-correction corrected-phrase__displayed-text_synonyms-mode ng-star-inserted\">Le<\/span><\/span> <span class=\"corrected-phrase corrected-phrase_synonyms-mode ng-star-inserted\" data-end=\"15\" data-originaltext=\"stationnement\" data-start=\"3\" data-text=\"\"><span class=\"corrected-phrase__displayed-text corrected-phrase__displayed-text_no-correction corrected-phrase__displayed-text_synonyms-mode ng-star-inserted\">stationnement<\/span><\/span> <span class=\"corrected-phrase ng-star-inserted\" data-end=\"17\" data-originaltext=\"\u00e0\" data-start=\"17\" data-text=\"\"><span class=\"corrected-phrase__displayed-text corrected-phrase__displayed-text_no-correction ng-star-inserted\">\u00e0<\/span><\/span> <span class=\"corrected-phrase ng-star-inserted\" data-end=\"26\" data-originaltext=\"l'hotel \" data-start=\"19\" data-text=\"l'h\u00f4tel\"><span class=\"corrected-phrase__displayed-text corrected-phrase__displayed-text_no-correction corrected-phrase__displayed-text_synonyms-mode ng-star-inserted\">l<\/span><span class=\"corrected-phrase__displayed-text corrected-phrase__displayed-text_no-correction ng-star-inserted\">&lsquo;<\/span><span class=\"corrected-phrase__displayed-text corrected-phrase__displayed-text_bubbled\" data-group=\"AutoCorrected\" data-suggestions=\"1\" data-type=\"Spelling\">h\u00f4tel<\/span><\/span> <span class=\"corrected-phrase corrected-phrase_synonyms-mode ng-star-inserted\" data-end=\"29\" data-originaltext=\"est\" data-start=\"27\" data-text=\"\"><span class=\"corrected-phrase__displayed-text corrected-phrase__displayed-text_no-correction corrected-phrase__displayed-text_synonyms-mode ng-star-inserted\">est<\/span><\/span> <span class=\"corrected-phrase corrected-phrase_synonyms-mode ng-star-inserted\" data-end=\"37\" data-originaltext=\"gratuit\" data-start=\"31\" data-text=\"\"><span class=\"corrected-phrase__displayed-text corrected-phrase__displayed-text_no-correction corrected-phrase__displayed-text_synonyms-mode ng-star-inserted\">gratuit<\/span><\/span><\/strong><\/p>\n<p><img loading=\"lazy\" decoding=\"async\" class=\"alignnone wp-image-19376 \" src=\"https:\/\/kahimm.com\/wp-content\/uploads\/2024\/06\/Photo-event-300x169.jpg\" alt=\"\" width=\"620\" height=\"349\" srcset=\"https:\/\/www.kahimm.com\/wp-content\/uploads\/2024\/06\/Photo-event-300x169.jpg 300w, https:\/\/www.kahimm.com\/wp-content\/uploads\/2024\/06\/Photo-event-1024x578.jpg 1024w, https:\/\/www.kahimm.com\/wp-content\/uploads\/2024\/06\/Photo-event-768x434.jpg 768w, https:\/\/www.kahimm.com\/wp-content\/uploads\/2024\/06\/Photo-event-1536x868.jpg 1536w, https:\/\/www.kahimm.com\/wp-content\/uploads\/2024\/06\/Photo-event-2048x1157.jpg 2048w, https:\/\/www.kahimm.com\/wp-content\/uploads\/2024\/06\/Photo-event-1200x678.jpg 1200w, https:\/\/www.kahimm.com\/wp-content\/uploads\/2024\/06\/Photo-event-1980x1118.jpg 1980w\" sizes=\"auto, (max-width: 620px) 100vw, 620px\" \/><\/p>\n<p>Que ce soit pour y habiter, les vacances\/weekends ou pour investir, vous avez le choix entre nos deux grands projets qui sont au c\u0153ur des lieux de loisirs :<\/p>\n<p><strong><em>+<\/em><\/strong> <a href=\"https:\/\/kahimm.com\/fr\/residence-costa\">R\u00e9sidence Costa<\/a>, un projet directement sur la plage de Chott Meriem, Sousse.<\/p>\n<p><strong><em>+<\/em><\/strong> <a href=\"https:\/\/kahimm.com\/fr\/residence-bousten-3\/\">R\u00e9sidence Bousten <\/a> \u00e0 Hammamet sud, zone Touristique \u00e0 quelques pas de la plage.<\/p>\n<p style=\"text-align: center;\">Vous aurez l\u2019occasion de choisir votre appartement haut standing dernier cri en termes de domotique\/smart home et bien s\u00fbr notre \u00e9quipe sera pr\u00e9sente pour r\u00e9pondre \u00e0 vos questions et vous pr\u00e9senter les prix.<\/p>\n<\/div>\n<div class=\"wp-block-column\">\n<p><strong>Veuillez confirmer votre pr\u00e9sence en remplissant le formulaire suivant:<\/strong><\/p>\n<div style=\"background: #ffb400; color: #3a4d6a!important; padding: 15px; border-radius: 10px;\">\n<div class=\"wpcf7 no-js\" id=\"wpcf7-f18168-o1\" lang=\"fr-FR\" dir=\"ltr\" data-wpcf7-id=\"18168\">\n<div class=\"screen-reader-response\"><p role=\"status\" aria-live=\"polite\" aria-atomic=\"true\"><\/p> <ul><\/ul><\/div>\n<form action=\"\/fr\/wp-json\/wp\/v2\/pages\/13054#wpcf7-f18168-o1\" method=\"post\" class=\"wpcf7-form init\" aria-label=\"Formulaire de contact\" novalidate=\"novalidate\" data-status=\"init\">\n<fieldset class=\"hidden-fields-container\"><input type=\"hidden\" name=\"_wpcf7\" value=\"18168\" \/><input type=\"hidden\" name=\"_wpcf7_version\" value=\"6.1.4\" \/><input type=\"hidden\" name=\"_wpcf7_locale\" value=\"fr_FR\" \/><input type=\"hidden\" name=\"_wpcf7_unit_tag\" value=\"wpcf7-f18168-o1\" \/><input type=\"hidden\" name=\"_wpcf7_container_post\" value=\"0\" \/><input type=\"hidden\" name=\"_wpcf7_posted_data_hash\" value=\"\" \/><input type=\"hidden\" name=\"_wpcf7dtx_version\" value=\"5.0.3\" \/><input type=\"hidden\" name=\"_wpcf7_recaptcha_response\" value=\"\" \/>\n<\/fieldset>\n<div class=\"form-group prenom\"><label class=\"\"><strong>Nom &amp; pr\u00e9nom<\/strong> <span class=\"required\">*<\/span><\/label><input class=\"wpcf7-form-control wpcf7-text wpcf7-validates-as-required form-control\" name=\"prenom\" type=\"text\" value=\"\" aria-invalid=\"false\" aria-required=\"true\" required><\/div>\n<div class=\"form-group email\"><label class=\"\"><strong>Email<\/strong> <span class=\"required\">*<\/span><\/label><input class=\"wpcf7-form-control wpcf7-email wpcf7-validates-as-required wpcf7-text wpcf7-validates-as-email form-control\" name=\"email\" type=\"email\" value=\"\" aria-invalid=\"false\" aria-required=\"true\" required><\/div>\n<div class=\"form-group telephone\"><label class=\"\"><strong>T\u00e9l\u00e9phone<\/strong> <span class=\"required\">*<\/span><\/label><input class=\"wpcf7-form-control wpcf7-tel wpcf7-validates-as-required wpcf7-text wpcf7-validates-as-tel form-control\" name=\"telephone\" type=\"tel\" value=\"\" aria-invalid=\"false\" aria-required=\"true\" required><\/div>\n\n<input class=\"wpcf7-form-control wpcf7-hidden\" value=\"\" type=\"hidden\" name=\"utm_source\" \/>\n<input class=\"wpcf7-form-control wpcf7-hidden\" value=\"\" type=\"hidden\" name=\"utm_medium\" \/>\n<input class=\"wpcf7-form-control wpcf7-hidden\" value=\"\" type=\"hidden\" name=\"utm_campaign\" \/>\n<input class=\"wpcf7-form-control wpcf7-hidden\" value=\"\" type=\"hidden\" name=\"utm_term\" \/>\n<input class=\"wpcf7-form-control wpcf7-hidden\" value=\"\" type=\"hidden\" name=\"utm_content\" \/>\n<input class=\"wpcf7-form-control wpcf7-hidden\" value=\"\" type=\"hidden\" name=\"utm_link\" \/>\n<input class=\"wpcf7-form-control wpcf7-hidden\" value=\"\" type=\"hidden\" name=\"referer\" \/>\n<input class=\"wpcf7-form-control wpcf7-hidden\" value=\"\" type=\"hidden\" name=\"gclid\" \/>\n<input class=\"wpcf7-form-control wpcf7-hidden\" value=\"\" type=\"hidden\" name=\"msclkid\" \/>\n<input class=\"wpcf7-form-control wpcf7-hidden\" value=\"\" type=\"hidden\" name=\"fbclid\" \/>\n<input class=\"wpcf7-form-control wpcf7-hidden\" value=\"\" type=\"hidden\" name=\"page_title\" \/>\n<input class=\"wpcf7-form-control wpcf7-hidden\" value=\"\" type=\"hidden\" name=\"projet\" \/>\n<input class=\"wpcf7-form-control wpcf7-hidden\" value=\"\" type=\"hidden\" name=\"logement\" \/>\n\n<div class=\"form-group\"><div><input class=\"wpcf7-form-control wpcf7-submit event-signup btn btn-primary\" type=\"submit\" value=\"Inscription\"><\/div><\/div><input type='hidden' class='wpcf7-pum' value='{\"closepopup\":false,\"closedelay\":0,\"openpopup\":false,\"openpopup_id\":0}' \/><div class=\"wpcf7-response-output alert alert-warning\"><\/div>\n<\/form>\n<\/div>\n<\/div>\n<p>&nbsp;<\/p>\n<p><strong>Lieu: H\u00f4tel IBIS SFAX: Avenue Majida Boulila, Sfax<\/strong><\/p>\n<p>&nbsp;<\/p>\n<p>Profitez du vaste choix d&rsquo;appartements <strong>S+1<\/strong> \u00e0 <strong>S+2<\/strong> encore disponibles ! Vous avez un coup de c\u0153ur pour un appartement ? Vous pouvez le r\u00e9server imm\u00e9diatement.<\/p>\n<p>Des remises \u00e0 dur\u00e9e limit\u00e9e, des cadeaux et surprises vous seront offerts lors de cette journ\u00e9e sp\u00e9ciale. Ne ratez pas donc l\u2019occasion de participer.<\/p>\n<p>Pour plus d\u2019informations, vous pouvez nous contacter au <a href=\"tel:+21670258800\">70258800<\/a>\/ <a href=\"tel:+21670258805\">70258805<\/a><\/p>\n<\/div>\n<\/div>\n<h3 class=\"has-text-align-center\" style=\"text-align: center;\"><strong>R\u00e9sidence BOUSTEN<\/strong><\/h3>\n<div class=\"gallerie-photo-ski\">\n<div class=\"wp-block-columns\">\n<div class=\"wp-block-column\"><a class=\"fancybox\" title=\"\" href=\"https:\/\/kahimm.com\/Photos\/bousten2\/nouveau_rendu\/1.jpg\" rel=\"gallery-b\" data-caption=\"Bousten 21\"><br \/>\n<img loading=\"lazy\" decoding=\"async\" class=\"gal\" src=\"https:\/\/kahimm.com\/Photos\/bousten2\/nouveau_rendu\/1_1.jpg\" alt=\" \" width=\"300\" height=\"300\" \/><\/a><\/div>\n<div class=\"wp-block-column\"><a class=\"fancybox\" title=\"\" href=\"https:\/\/kahimm.com\/Photos\/bousten2\/nouveau_rendu\/2.jpg\" rel=\"gallery-b\" data-caption=\"Bousten 22\"><br \/>\n<img loading=\"lazy\" decoding=\"async\" class=\"gal\" src=\"https:\/\/kahimm.com\/Photos\/bousten2\/nouveau_rendu\/2_1.jpg\" alt=\" \" width=\"300\" height=\"300\" \/><\/a><\/div>\n<div class=\"wp-block-column\"><a class=\"fancybox\" title=\"\" href=\"https:\/\/kahimm.com\/Photos\/bousten2\/nouveau_rendu\/3.jpg\" rel=\"gallery-b\" data-caption=\"Bousten 23\"><br \/>\n<img loading=\"lazy\" decoding=\"async\" class=\"gal\" src=\"https:\/\/kahimm.com\/Photos\/bousten2\/nouveau_rendu\/3_1.jpg\" alt=\" \" width=\"300\" height=\"300\" \/><\/a><\/div>\n<div class=\"wp-block-column\"><a class=\"fancybox\" title=\"\" href=\"https:\/\/kahimm.com\/Photos\/bousten2\/nouveau_rendu\/4.jpg\" rel=\"gallery-b\" data-caption=\"Bousten 24\"><br \/>\n<img loading=\"lazy\" decoding=\"async\" class=\"gal\" src=\"https:\/\/kahimm.com\/Photos\/bousten2\/nouveau_rendu\/4_1.jpg\" alt=\" \" width=\"300\" height=\"300\" \/><\/a><\/div>\n<\/div>\n<div class=\"wp-block-columns\">\n<div class=\"wp-block-column\"><a class=\"fancybox\" title=\"\" href=\"https:\/\/kahimm.com\/Photos\/bousten2\/nouveau_rendu\/5.jpg\" rel=\"gallery-b\" data-caption=\"Bousten 25\"><br \/>\n<img loading=\"lazy\" decoding=\"async\" class=\"gal\" src=\"https:\/\/kahimm.com\/Photos\/bousten2\/nouveau_rendu\/5_1.jpg\" alt=\" \" width=\"300\" height=\"300\" \/><\/a><\/div>\n<div class=\"wp-block-column\"><a class=\"fancybox\" title=\"\" href=\"https:\/\/kahimm.com\/Photos\/bousten2\/nouveau_rendu\/10.jpg\" rel=\"gallery-b\" data-caption=\"Bousten 26\"><br \/>\n<img loading=\"lazy\" decoding=\"async\" class=\"gal\" src=\"https:\/\/kahimm.com\/Photos\/bousten2\/nouveau_rendu\/10_1.jpg\" alt=\" \" width=\"300\" height=\"300\" \/><\/a><\/div>\n<div class=\"wp-block-column\"><a class=\"fancybox\" title=\"\" href=\"https:\/\/kahimm.com\/Photos\/bousten2\/nouveau_rendu\/7.jpg\" rel=\"gallery-b\" data-caption=\"Bousten 27\"><br \/>\n<img loading=\"lazy\" decoding=\"async\" class=\"gal\" src=\"https:\/\/kahimm.com\/Photos\/bousten2\/nouveau_rendu\/7_1.jpg\" alt=\" \" width=\"300\" height=\"300\" \/><\/a><\/div>\n<div class=\"wp-block-column\"><a class=\"fancybox\" title=\"\" href=\"https:\/\/kahimm.com\/Photos\/bousten2\/nouveau_rendu\/8.jpg\" rel=\"gallery-b\" data-caption=\"Bousten 28\"><br \/>\n<img loading=\"lazy\" decoding=\"async\" class=\"gal\" src=\"https:\/\/kahimm.com\/Photos\/bousten2\/nouveau_rendu\/8_1.jpg\" alt=\" \" width=\"300\" height=\"300\" \/><\/a><\/div>\n<div class=\"wp-block-column\"><a class=\"fancybox\" title=\"\" href=\"https:\/\/kahimm.com\/Photos\/bousten2\/nouveau_rendu\/9.jpg\" rel=\"gallery-b\" data-caption=\"Bousten 29\"><br \/>\n<img loading=\"lazy\" decoding=\"async\" class=\"gal\" src=\"https:\/\/kahimm.com\/Photos\/bousten2\/nouveau_rendu\/9_1.jpg\" alt=\" \" width=\"300\" height=\"300\" \/><\/a><\/div>\n<\/div>\n<\/div>\n<h3 class=\"has-text-align-center\" style=\"text-align: center;\"><strong>R\u00e9sidence COSTA<\/strong><\/h3>\n<div class=\"gallerie-photo-ski\">\n<div class=\"wp-block-columns\">\n<div class=\"wp-block-column\"><a class=\"fancybox\" title=\"\" href=\"https:\/\/kahimm.com\/Photos\/costa\/costa_mer-1.jpg\" rel=\"gallery\" data-caption=\"Costa 1\"><br \/>\n<img loading=\"lazy\" decoding=\"async\" class=\"gal\" src=\"https:\/\/kahimm.com\/Photos\/costa\/7.jpg\" alt=\"\" width=\"300\" height=\"300\" \/><\/a><\/div>\n<div class=\"wp-block-column\"><a class=\"fancybox\" title=\"\" href=\"https:\/\/kahimm.com\/Photos\/costa\/costa_interieur_2-1.jpg\" rel=\"gallery\" data-caption=\"Costa 2\"><br \/>\n<img loading=\"lazy\" decoding=\"async\" class=\"gal\" src=\"https:\/\/kahimm.com\/Photos\/costa\/3.jpg\" alt=\"\" width=\"300\" height=\"300\" \/><\/a><\/div>\n<div class=\"wp-block-column\"><a class=\"fancybox\" title=\"\" href=\"https:\/\/kahimm.com\/Photos\/costa\/costa_jardin-1.jpg\" rel=\"gallery\" data-caption=\"Costa 3\"><br \/>\n<img loading=\"lazy\" decoding=\"async\" class=\"gal\" src=\"https:\/\/kahimm.com\/Photos\/costa\/1.jpg\" alt=\"\" width=\"300\" height=\"300\" \/><\/a><\/div>\n<div class=\"wp-block-column\"><a class=\"fancybox\" title=\"\" href=\"https:\/\/kahimm.com\/Photos\/costa\/costa_picsine_plage.jpg\" rel=\"gallery\" data-caption=\"Costa 4\"><br \/>\n<img loading=\"lazy\" decoding=\"async\" class=\"gal\" src=\"https:\/\/kahimm.com\/Photos\/costa\/6.jpg\" alt=\"\" width=\"270\" height=\"270\" \/><\/a><\/div>\n<\/div>\n<div class=\"wp-block-columns\">\n<div class=\"wp-block-column\"><a class=\"fancybox\" title=\"\" href=\"https:\/\/kahimm.com\/Photos\/costa\/costa_exterieur-1.jpg\" rel=\"gallery\" data-caption=\"Costa 5\"><br \/>\n<img loading=\"lazy\" decoding=\"async\" class=\"gal\" src=\"https:\/\/kahimm.com\/Photos\/costa\/2.jpg\" alt=\"\" width=\"270\" height=\"270\" \/><\/a><\/div>\n<div class=\"wp-block-column\"><a class=\"fancybox\" title=\"\" href=\"https:\/\/kahimm.com\/Photos\/costa\/costa_interieur_1_bis.jpg\" rel=\"gallery\" data-caption=\"Costa 6\"><br \/>\n<img loading=\"lazy\" decoding=\"async\" class=\"gal\" src=\"https:\/\/kahimm.com\/Photos\/costa\/4.jpg\" alt=\"\" width=\"270\" height=\"270\" \/><\/a><\/div>\n<div class=\"wp-block-column\"><a class=\"fancybox\" title=\"\" href=\"https:\/\/kahimm.com\/Photos\/costa\/costa_picsine_plage_bis.jpg\" rel=\"gallery\" data-caption=\"Costa 7\"><br \/>\n<img loading=\"lazy\" decoding=\"async\" class=\"gal\" src=\"https:\/\/kahimm.com\/Photos\/costa\/5.jpg\" alt=\"\" width=\"270\" height=\"270\" \/><\/a><\/div>\n<\/div>\n<\/div>\n","protected":false},"excerpt":{"rendered":"<p>Journ\u00e9e r\u00e9sidences Bousten &amp; Costa @ H\u00f4tel IBIS Sfax Profitez de votre \u00e9t\u00e9 ! R\u00e9sidence Costa et R\u00e9sidence Bousten se r\u00e9unissent et vous invitent \u00e0 la Journ\u00e9e D\u00e9couverte qui aura lieu le jeudi 20 juin 2024, \u00e0 H\u00f4tel IBIS Sfax, avenue Majida Boulila, Sfax, de 09h \u00e0 18h30. Le stationnement \u00e0 l&lsquo;h\u00f4tel est gratuit Que [&hellip;]<\/p>\n","protected":false},"author":24,"featured_media":0,"parent":0,"menu_order":0,"comment_status":"closed","ping_status":"closed","template":"","meta":{"footnotes":""},"class_list":["post-13054","page","type-page","status-publish","hentry"],"_links":{"self":[{"href":"https:\/\/www.kahimm.com\/fr\/wp-json\/wp\/v2\/pages\/13054","targetHints":{"allow":["GET"]}}],"collection":[{"href":"https:\/\/www.kahimm.com\/fr\/wp-json\/wp\/v2\/pages"}],"about":[{"href":"https:\/\/www.kahimm.com\/fr\/wp-json\/wp\/v2\/types\/page"}],"author":[{"embeddable":true,"href":"https:\/\/www.kahimm.com\/fr\/wp-json\/wp\/v2\/users\/24"}],"replies":[{"embeddable":true,"href":"https:\/\/www.kahimm.com\/fr\/wp-json\/wp\/v2\/comments?post=13054"}],"version-history":[{"count":40,"href":"https:\/\/www.kahimm.com\/fr\/wp-json\/wp\/v2\/pages\/13054\/revisions"}],"predecessor-version":[{"id":19379,"href":"https:\/\/www.kahimm.com\/fr\/wp-json\/wp\/v2\/pages\/13054\/revisions\/19379"}],"wp:attachment":[{"href":"https:\/\/www.kahimm.com\/fr\/wp-json\/wp\/v2\/media?parent=13054"}],"curies":[{"name":"wp","href":"https:\/\/api.w.org\/{rel}","templated":true}]}}