{"id":12229,"date":"2021-12-03T13:27:40","date_gmt":"2021-12-03T12:27:40","guid":{"rendered":"https:\/\/kahimm.com\/?page_id=12229"},"modified":"2025-11-08T11:54:51","modified_gmt":"2025-11-08T10:54:51","slug":"lp-evennement-bousten","status":"publish","type":"page","link":"https:\/\/www.kahimm.com\/fr\/lp-evennement-bousten\/","title":{"rendered":"LP evennement BOUSTEN"},"content":{"rendered":"<h2 style=\"text-align: center;\">Weekend Portes Ouvertes BOUSTEN<\/h2>\n<div class=\"wp-block-columns\">\n<div class=\"wp-block-column\">\n<p style=\"text-align: center;\">Vous r\u00eavez d\u2019\u00eatre propri\u00e9taire d\u2019un appartement \u00e0 quelques pas de la plage de Hammamet ?<\/p>\n<p>Ne cherchez pas loin et venez visiter notre projet immobilier, <strong>R\u00e9sidence Bousten<\/strong>, avec sa merveilleuse vue sur la mer de Hammamet sud, \u00e0 l\u2019occasion du <strong>Weekend Portes Ouvertes<\/strong> que la SKI organise et auquel vous \u00eates invit\u00e9s \u00e0 participer.<\/p>\n<p><strong>Date: Samedi 06 et Dimanche 07 Ao\u00fbt de 09h00 \u00e0 19h00 <\/strong><\/p>\n<p><img loading=\"lazy\" decoding=\"async\" class=\"image-full wp-image-7720 size-full lazyloaded\" style=\"float: left; margin-right: 10px; margin-bottom: 10px;\" src=\"https:\/\/kahimm.com\/wp-content\/uploads\/2020\/10\/bousten2-3.jpg\" alt=\"\" width=\"400\" height=\"400\" data-src=\"https:\/\/kahimm.com\/wp-content\/uploads\/2021\/02\/Maps-1.jpg\" \/><\/p>\n<p>Apr\u00e8s la r\u00e9ussite de la r\u00e9sidence Bousten 1, dont les derniers appartements sont aujourd&rsquo;hui en vente avec remise de cl\u00e9s imm\u00e9diate, la SKI a lanc\u00e9 la phase 2 du projet.<\/p>\n<p>Un large choix d\u2019appartements <strong>S+1, S+2 et S+3<\/strong> sera mis \u00e0 votre disposition toujours dans le cadre accommodant et confortable d\u2019une r\u00e9sidence de haut standing, smart et s\u00e9curis\u00e9e.<\/p>\n<p style=\"text-align: center;\">Pourquoi venir ? Car \u00e0 part les cadeaux et les r\u00e9ductions \u00e0 gagner, vous aurez l\u2019occasion de visiter l\u2019appartement t\u00e9moin et admirer l\u2019emplacement unique de la r\u00e9sidence, discuter avec les membres de notre \u00e9quipe, et si vous avez le coup de foudre pour un appartement vous le r\u00e9servez sur place et vous profitez du vaste choix d\u2019appartements disponible au lancement de Bousten 2.<\/p>\n<\/div>\n<div class=\"wp-block-column\">\n<p><strong>Veuillez confirmer votre participation en remplissant le formulaire suivant:<\/strong><\/p>\n\n<div class=\"wpcf7 no-js\" id=\"wpcf7-f11730-o1\" lang=\"fr-FR\" dir=\"ltr\" data-wpcf7-id=\"11730\">\n<div class=\"screen-reader-response\"><p role=\"status\" aria-live=\"polite\" aria-atomic=\"true\"><\/p> <ul><\/ul><\/div>\n<form action=\"\/fr\/wp-json\/wp\/v2\/pages\/12229#wpcf7-f11730-o1\" method=\"post\" class=\"wpcf7-form init\" aria-label=\"Formulaire de contact\" novalidate=\"novalidate\" data-status=\"init\">\n<fieldset class=\"hidden-fields-container\"><input type=\"hidden\" name=\"_wpcf7\" value=\"11730\" \/><input type=\"hidden\" name=\"_wpcf7_version\" value=\"6.1.4\" \/><input type=\"hidden\" name=\"_wpcf7_locale\" value=\"fr_FR\" \/><input type=\"hidden\" name=\"_wpcf7_unit_tag\" value=\"wpcf7-f11730-o1\" \/><input type=\"hidden\" name=\"_wpcf7_container_post\" value=\"0\" \/><input type=\"hidden\" name=\"_wpcf7_posted_data_hash\" value=\"\" \/><input type=\"hidden\" name=\"_wpcf7dtx_version\" value=\"5.0.3\" \/><input type=\"hidden\" name=\"_wpcf7_recaptcha_response\" value=\"\" \/>\n<\/fieldset>\n<div class=\"form-group prenom\"><label class=\"\"><strong>Nom &amp; pr\u00e9nom<\/strong> <span class=\"required\">*<\/span><\/label><input class=\"wpcf7-form-control wpcf7-text wpcf7-validates-as-required form-control\" name=\"prenom\" type=\"text\" value=\"\" aria-invalid=\"false\" aria-required=\"true\" required><\/div>\n<div class=\"form-group email\"><label class=\"\"><strong>Email<\/strong> <span class=\"required\">*<\/span><\/label><input class=\"wpcf7-form-control wpcf7-email wpcf7-validates-as-required wpcf7-text wpcf7-validates-as-email form-control\" name=\"email\" type=\"email\" value=\"\" aria-invalid=\"false\" aria-required=\"true\" required><\/div>\n<div class=\"form-group telephone\"><label class=\"\"><strong>T\u00e9l\u00e9phone<\/strong> <span class=\"required\">*<\/span><\/label><input class=\"wpcf7-form-control wpcf7-tel wpcf7-validates-as-required wpcf7-text wpcf7-validates-as-tel form-control\" name=\"telephone\" type=\"tel\" value=\"\" aria-invalid=\"false\" aria-required=\"true\" required><\/div><br>\n<input class=\"wpcf7-form-control wpcf7-hidden\" value=\"\" type=\"hidden\" name=\"utm_source\" \/>\n<input class=\"wpcf7-form-control wpcf7-hidden\" value=\"\" type=\"hidden\" name=\"utm_medium\" \/>\n<input class=\"wpcf7-form-control wpcf7-hidden\" value=\"\" type=\"hidden\" name=\"utm_campaign\" \/>\n<input class=\"wpcf7-form-control wpcf7-hidden\" value=\"\" type=\"hidden\" name=\"utm_term\" \/>\n<input class=\"wpcf7-form-control wpcf7-hidden\" value=\"\" type=\"hidden\" name=\"utm_content\" \/>\n<input class=\"wpcf7-form-control wpcf7-hidden\" value=\"\" type=\"hidden\" name=\"utm_link\" \/>\n<input class=\"wpcf7-form-control wpcf7-hidden\" value=\"\" type=\"hidden\" name=\"referer\" \/>\n<input class=\"wpcf7-form-control wpcf7-hidden\" value=\"\" type=\"hidden\" name=\"gclid\" \/>\n<input class=\"wpcf7-form-control wpcf7-hidden\" value=\"\" type=\"hidden\" name=\"msclkid\" \/>\n<input class=\"wpcf7-form-control wpcf7-hidden\" value=\"\" type=\"hidden\" name=\"fbclid\" \/>\n<input class=\"wpcf7-form-control wpcf7-hidden\" value=\"\" type=\"hidden\" name=\"page_title\" \/>\n<input class=\"wpcf7-form-control wpcf7-hidden\" value=\"\" type=\"hidden\" name=\"projet\" \/>\n<input class=\"wpcf7-form-control wpcf7-hidden\" value=\"\" type=\"hidden\" name=\"logement\" \/>\n\n<div class=\"form-group\"><div><input class=\"wpcf7-form-control wpcf7-submit event-signup btn btn-primary\" type=\"submit\" value=\"Inscription\"><\/div><\/div><input type='hidden' class='wpcf7-pum' value='{\"closepopup\":false,\"closedelay\":0,\"openpopup\":false,\"openpopup_id\":0}' \/><div class=\"wpcf7-response-output alert alert-warning\"><\/div>\n<\/form>\n<\/div>\n\n<p><strong>Lieu: Avenue de l\u2019environnement, devant H\u00f4tel Regency \u2013 Hammamet<\/strong><\/p>\n<p>&nbsp;<\/p>\n<p><a href=\"https:\/\/kahimm.com\/fr\/residence-bousten-2\/\">Cliquez ici pour plus d\u2019informations concernant le projet<\/a>, visionner la visite virtuelle, consulter les plans des logements, faire des demandes de devis ou encore chatter en ligne avec le service client\u00e8le de Bousten.<\/p>\n<\/div>\n<\/div>\n<h3 class=\"has-text-align-center\" style=\"text-align: center;\"><strong>R\u00e9sidence BOUSTEN<\/strong><\/h3>\n<div class=\"gallerie-photo-ski\">\n<div class=\"wp-block-columns\">\n<div class=\"wp-block-column\"><a class=\"fancybox\" title=\"\" href=\"https:\/\/kahimm.com\/Photos\/bousten2\/nouveau_rendu\/1.jpg\" rel=\"gallery-b\" data-caption=\"Bousten 21\"><br \/>\n<img loading=\"lazy\" decoding=\"async\" class=\"gal\" src=\"https:\/\/kahimm.com\/Photos\/bousten2\/nouveau_rendu\/1_1.jpg\" alt=\" \" width=\"300\" height=\"300\" \/><\/a><\/div>\n<div class=\"wp-block-column\"><a class=\"fancybox\" title=\"\" href=\"https:\/\/kahimm.com\/Photos\/bousten2\/nouveau_rendu\/2.jpg\" rel=\"gallery-b\" data-caption=\"Bousten 22\"><br \/>\n<img loading=\"lazy\" decoding=\"async\" class=\"gal\" src=\"https:\/\/kahimm.com\/Photos\/bousten2\/nouveau_rendu\/2_1.jpg\" alt=\" \" width=\"300\" height=\"300\" \/><\/a><\/div>\n<div class=\"wp-block-column\"><a class=\"fancybox\" title=\"\" href=\"https:\/\/kahimm.com\/Photos\/bousten2\/nouveau_rendu\/3.jpg\" rel=\"gallery-b\" data-caption=\"Bousten 23\"><br \/>\n<img loading=\"lazy\" decoding=\"async\" class=\"gal\" src=\"https:\/\/kahimm.com\/Photos\/bousten2\/nouveau_rendu\/3_1.jpg\" alt=\" \" width=\"300\" height=\"300\" \/><\/a><\/div>\n<div class=\"wp-block-column\"><a class=\"fancybox\" title=\"\" href=\"https:\/\/kahimm.com\/Photos\/bousten2\/nouveau_rendu\/4.jpg\" rel=\"gallery-b\" data-caption=\"Bousten 24\"><br \/>\n<img loading=\"lazy\" decoding=\"async\" class=\"gal\" src=\"https:\/\/kahimm.com\/Photos\/bousten2\/nouveau_rendu\/4_1.jpg\" alt=\" \" width=\"300\" height=\"300\" \/><\/a><\/div>\n<\/div>\n<div class=\"wp-block-columns\">\n<div class=\"wp-block-column\"><a class=\"fancybox\" title=\"\" href=\"https:\/\/kahimm.com\/Photos\/bousten2\/nouveau_rendu\/5.jpg\" rel=\"gallery-b\" data-caption=\"Bousten 25\"><br \/>\n<img loading=\"lazy\" decoding=\"async\" class=\"gal\" src=\"https:\/\/kahimm.com\/Photos\/bousten2\/nouveau_rendu\/5_1.jpg\" alt=\" \" width=\"300\" height=\"300\" \/><\/a><\/div>\n<div class=\"wp-block-column\"><a class=\"fancybox\" title=\"\" href=\"https:\/\/kahimm.com\/Photos\/bousten2\/nouveau_rendu\/10.jpg\" rel=\"gallery-b\" data-caption=\"Bousten 26\"><br \/>\n<img loading=\"lazy\" decoding=\"async\" class=\"gal\" src=\"https:\/\/kahimm.com\/Photos\/bousten2\/nouveau_rendu\/10_1.jpg\" alt=\" \" width=\"300\" height=\"300\" \/><\/a><\/div>\n<div class=\"wp-block-column\"><a class=\"fancybox\" title=\"\" href=\"https:\/\/kahimm.com\/Photos\/bousten2\/nouveau_rendu\/7.jpg\" rel=\"gallery-b\" data-caption=\"Bousten 27\"><br \/>\n<img loading=\"lazy\" decoding=\"async\" class=\"gal\" src=\"https:\/\/kahimm.com\/Photos\/bousten2\/nouveau_rendu\/7_1.jpg\" alt=\" \" width=\"300\" height=\"300\" \/><\/a><\/div>\n<div class=\"wp-block-column\"><a class=\"fancybox\" title=\"\" href=\"https:\/\/kahimm.com\/Photos\/bousten2\/nouveau_rendu\/8.jpg\" rel=\"gallery-b\" data-caption=\"Bousten 28\"><br \/>\n<img loading=\"lazy\" decoding=\"async\" class=\"gal\" src=\"https:\/\/kahimm.com\/Photos\/bousten2\/nouveau_rendu\/8_1.jpg\" alt=\" \" width=\"300\" height=\"300\" \/><\/a><\/div>\n<div class=\"wp-block-column\"><a class=\"fancybox\" title=\"\" href=\"https:\/\/kahimm.com\/Photos\/bousten2\/nouveau_rendu\/9.jpg\" rel=\"gallery-b\" data-caption=\"Bousten 29\"><br \/>\n<img loading=\"lazy\" decoding=\"async\" class=\"gal\" src=\"https:\/\/kahimm.com\/Photos\/bousten2\/nouveau_rendu\/9_1.jpg\" alt=\" \" width=\"300\" height=\"300\" \/><\/a><\/div>\n<\/div>\n<\/div>\n<div id=\"mapsvg-2\" data-id=\"2\" class=\"mapsvg\" data-autoload=\"true\" data-load-db=\"true\" data-loading-text=\"Loading map...\" style=\"width: 100%; height: 0; padding-bottom: 56.25%\"><\/div>\n","protected":false},"excerpt":{"rendered":"<p>Weekend Portes Ouvertes BOUSTEN Vous r\u00eavez d\u2019\u00eatre propri\u00e9taire d\u2019un appartement \u00e0 quelques pas de la plage de Hammamet ? Ne cherchez pas loin et venez visiter notre projet immobilier, R\u00e9sidence Bousten, avec sa merveilleuse vue sur la mer de Hammamet sud, \u00e0 l\u2019occasion du Weekend Portes Ouvertes que la SKI organise et auquel vous \u00eates [&hellip;]<\/p>\n","protected":false},"author":24,"featured_media":0,"parent":0,"menu_order":0,"comment_status":"closed","ping_status":"closed","template":"","meta":{"footnotes":""},"class_list":["post-12229","page","type-page","status-publish","hentry"],"_links":{"self":[{"href":"https:\/\/www.kahimm.com\/fr\/wp-json\/wp\/v2\/pages\/12229","targetHints":{"allow":["GET"]}}],"collection":[{"href":"https:\/\/www.kahimm.com\/fr\/wp-json\/wp\/v2\/pages"}],"about":[{"href":"https:\/\/www.kahimm.com\/fr\/wp-json\/wp\/v2\/types\/page"}],"author":[{"embeddable":true,"href":"https:\/\/www.kahimm.com\/fr\/wp-json\/wp\/v2\/users\/24"}],"replies":[{"embeddable":true,"href":"https:\/\/www.kahimm.com\/fr\/wp-json\/wp\/v2\/comments?post=12229"}],"version-history":[{"count":31,"href":"https:\/\/www.kahimm.com\/fr\/wp-json\/wp\/v2\/pages\/12229\/revisions"}],"predecessor-version":[{"id":22930,"href":"https:\/\/www.kahimm.com\/fr\/wp-json\/wp\/v2\/pages\/12229\/revisions\/22930"}],"wp:attachment":[{"href":"https:\/\/www.kahimm.com\/fr\/wp-json\/wp\/v2\/media?parent=12229"}],"curies":[{"name":"wp","href":"https:\/\/api.w.org\/{rel}","templated":true}]}}