{"id":11872,"date":"2021-10-29T17:24:15","date_gmt":"2021-10-29T15:24:15","guid":{"rendered":"https:\/\/kahimm.com\/?page_id=11872"},"modified":"2023-08-01T11:54:30","modified_gmt":"2023-08-01T09:54:30","slug":"lp-event-costa","status":"publish","type":"page","link":"https:\/\/www.kahimm.com\/fr\/lp-event-costa\/","title":{"rendered":"Lp Event Costa"},"content":{"rendered":"<h2 style=\"text-align: center;\">Journ\u00e9es portes ouvertes COSTA<\/h2>\n<div class=\"wp-block-columns\">\n<div class=\"wp-block-column\">\n<p style=\"text-align: center;\">Envie d\u2019un appartement front de mer haut standing ?<\/p>\n<p>Alors venez visiter notre nouveau projet, R\u00e9sidence Costa, directement sur la plage \u00e0 Chott Meriem, Sousse \u00e0 l\u2019occasion du weekend portes ouvertes.<\/p>\n<p style=\"text-align: center;\"><em><strong>Date: le samedi 12 et dimanche 13 Aout de 9h \u00e0 18h <\/strong><\/em><\/p>\n<p>&nbsp;<\/p>\n<p><strong>Lieu: <\/strong> R\u00e9sidence Costa Route Touristique Chott Mariem Sousse, entre Novastar Palmyra et h\u00f4tel Targui.<\/p>\n<p><strong>Veuillez confirmer votre participation en remplissant le formulaire suivant:<\/strong><\/p>\n\n<div class=\"wpcf7 no-js\" id=\"wpcf7-f14094-o1\" lang=\"fr-FR\" dir=\"ltr\" data-wpcf7-id=\"14094\">\n<div class=\"screen-reader-response\"><p role=\"status\" aria-live=\"polite\" aria-atomic=\"true\"><\/p> <ul><\/ul><\/div>\n<form action=\"\/fr\/wp-json\/wp\/v2\/pages\/11872#wpcf7-f14094-o1\" method=\"post\" class=\"wpcf7-form init\" aria-label=\"Formulaire de contact\" novalidate=\"novalidate\" data-status=\"init\">\n<fieldset class=\"hidden-fields-container\"><input type=\"hidden\" name=\"_wpcf7\" value=\"14094\" \/><input type=\"hidden\" name=\"_wpcf7_version\" value=\"6.1.4\" \/><input type=\"hidden\" name=\"_wpcf7_locale\" value=\"fr_FR\" \/><input type=\"hidden\" name=\"_wpcf7_unit_tag\" value=\"wpcf7-f14094-o1\" \/><input type=\"hidden\" name=\"_wpcf7_container_post\" value=\"0\" \/><input type=\"hidden\" name=\"_wpcf7_posted_data_hash\" value=\"\" \/><input type=\"hidden\" name=\"_wpcf7dtx_version\" value=\"5.0.3\" \/><input type=\"hidden\" name=\"_wpcf7_recaptcha_response\" value=\"\" \/>\n<\/fieldset>\n<div class=\"form-group prenom\"><label class=\"\"><strong>Nom &amp; pr\u00e9nom<\/strong> <span class=\"required\">*<\/span><\/label><input class=\"wpcf7-form-control wpcf7-text wpcf7-validates-as-required form-control\" name=\"prenom\" type=\"text\" value=\"\" aria-invalid=\"false\" aria-required=\"true\" required><\/div>\n<div class=\"form-group email\"><label class=\"\"><strong>Email<\/strong> <span class=\"required\">*<\/span><\/label><input class=\"wpcf7-form-control wpcf7-email wpcf7-validates-as-required wpcf7-text wpcf7-validates-as-email form-control\" name=\"email\" type=\"email\" value=\"\" aria-invalid=\"false\" aria-required=\"true\" required><\/div>\n<div class=\"form-group telephone\"><label class=\"\"><strong>T\u00e9l\u00e9phone<\/strong> <span class=\"required\">*<\/span><\/label><input class=\"wpcf7-form-control wpcf7-tel wpcf7-validates-as-required wpcf7-text wpcf7-validates-as-tel form-control\" name=\"telephone\" type=\"tel\" value=\"\" aria-invalid=\"false\" aria-required=\"true\" required><\/div>\n<input class=\"wpcf7-form-control wpcf7-hidden\" value=\"\" type=\"hidden\" name=\"utm_source\" \/>\n<input class=\"wpcf7-form-control wpcf7-hidden\" value=\"\" type=\"hidden\" name=\"utm_medium\" \/>\n<input class=\"wpcf7-form-control wpcf7-hidden\" value=\"\" type=\"hidden\" name=\"utm_campaign\" \/>\n<input class=\"wpcf7-form-control wpcf7-hidden\" value=\"\" type=\"hidden\" name=\"utm_term\" \/>\n<input class=\"wpcf7-form-control wpcf7-hidden\" value=\"\" type=\"hidden\" name=\"utm_content\" \/>\n<input class=\"wpcf7-form-control wpcf7-hidden\" value=\"\" type=\"hidden\" name=\"utm_link\" \/>\n<input class=\"wpcf7-form-control wpcf7-hidden\" value=\"\" type=\"hidden\" name=\"referer\" \/>\n<input class=\"wpcf7-form-control wpcf7-hidden\" value=\"\" type=\"hidden\" name=\"gclid\" \/>\n<input class=\"wpcf7-form-control wpcf7-hidden\" value=\"\" type=\"hidden\" name=\"msclkid\" \/>\n<input class=\"wpcf7-form-control wpcf7-hidden\" value=\"\" type=\"hidden\" name=\"fbclid\" \/>\n<input class=\"wpcf7-form-control wpcf7-hidden\" value=\"\" type=\"hidden\" name=\"page_title\" \/>\n<input class=\"wpcf7-form-control wpcf7-hidden\" value=\"\" type=\"hidden\" name=\"projet\" \/>\n<input class=\"wpcf7-form-control wpcf7-hidden\" value=\"\" type=\"hidden\" name=\"logement\" \/>\n<div class=\"form-group\"><div><input class=\"wpcf7-form-control wpcf7-submit event-signup btn btn-primary\" type=\"submit\" value=\"Inscription\"><\/div><\/div><input type='hidden' class='wpcf7-pum' value='{\"closepopup\":false,\"closedelay\":0,\"openpopup\":false,\"openpopup_id\":0}' \/><div class=\"wpcf7-response-output alert alert-warning\"><\/div>\n<\/form>\n<\/div>\n\n<\/div>\n<div class=\"wp-block-column\">\n<p style=\"text-align: center;\">Pourquoi venir ? \u00c0 part les cadeaux \u00e0 gagner et quelques surprises, vous aurez l&rsquo;occasion de pouvoir visiter les lieux et l&rsquo;appartement t\u00e9moin, discuter avec les membres de notre \u00e9quipe et si vous avez le coup de foudre pour un appartement alors r\u00e9servez le sur place afin de profiter du vaste choix de lancement.<\/p>\n<p>Que ce soit pour y habiter, les vacances \/ weekends ou pour investir, la R\u00e9sidence Costa saura vous plaire.<\/p>\n<p><img loading=\"lazy\" decoding=\"async\" class=\"aligncenter image-full wp-image-7720 size-full lazyloaded\" src=\"https:\/\/kahimm.com\/wp-content\/uploads\/2021\/02\/Maps-1.jpg\" alt=\"\" width=\"400\" height=\"400\" data-src=\"https:\/\/kahimm.com\/wp-content\/uploads\/2021\/02\/Maps-1.jpg\" \/><\/p>\n<p>Pour visionner la visite virtuelle, consulter les plans des logements, faire des demandes de devis ou encore chatter en ligne avec le service client\u00e8le de Costa:<a style=\"margin-top: 10px; background: #88761a; color: white; padding: 15px 5px; clear: both; display: block; text-align: center; text-transform: uppercase; font-weight: bold;\" href=\"https:\/\/kahimm.com\/fr\/residence-costa\/\">Visitez la page R\u00e9sidence COSTA<\/a><\/p>\n<\/div>\n<\/div>\n<h3 class=\"has-text-align-center\" style=\"text-align: center;\"><strong>R\u00e9sidence COSTA<\/strong><\/h3>\n<div class=\"residence-photos\"><div class=\"carousel-slider-outer carousel-slider-outer-image-carousel carousel-slider-outer-7701\" style=\"--carousel-slider-nav-color:#f1f1f1;--carousel-slider-active-nav-color:#3a4d6a;--carousel-slider-arrow-size:48px;--carousel-slider-bullet-size:10px\">\n<div id=\"&#039;id-7701\" class=\"carousel-slider carousel-slider-7701 arrows-visibility-always dots-visibility-always arrows-inside dots-center dots-circle owl-carousel\" data-slide-type=\"image-carousel\" data-owl-settings='{\"nav\":true,\"dots\":true,\"slideBy\":1,\"stagePadding\":0,\"margin\":50,\"loop\":true,\"lazyLoad\":false,\"autoplay\":true,\"autoplayTimeout\":5000,\"autoplaySpeed\":5000,\"autoplayHoverPause\":true,\"autoWidth\":true,\"responsive\":{\"300\":{\"items\":1},\"576\":{\"items\":2},\"768\":{\"items\":2},\"1024\":{\"items\":3},\"1280\":{\"items\":4},\"1536\":{\"items\":5}}}'>\n<div class=\"carousel-slider__item\">\n\t<a class=\"magnific-popup\" href=\"https:\/\/www.kahimm.com\/wp-content\/uploads\/2020\/12\/costa_exterieur-1.jpg\" data-width=\"342\" data-height=\"342\"><img loading=\"lazy\" decoding=\"async\" width=\"342\" height=\"342\" src=\"https:\/\/www.kahimm.com\/wp-content\/uploads\/2020\/12\/costa_exterieur-1.jpg\" class=\"attachment-medium_large size-medium_large\" alt=\"Entr\u00e9 principale de la r\u00e9sidence Costa sur la route de chott Mariem\" srcset=\"https:\/\/www.kahimm.com\/wp-content\/uploads\/2020\/12\/costa_exterieur-1.jpg 342w, https:\/\/www.kahimm.com\/wp-content\/uploads\/2020\/12\/costa_exterieur-1-300x300.jpg 300w, https:\/\/www.kahimm.com\/wp-content\/uploads\/2020\/12\/costa_exterieur-1-150x150.jpg 150w\" sizes=\"auto, (max-width: 342px) 100vw, 342px\" \/><div class=\"carousel-slider__caption\"><h4 class=\"title\">R\u00e9sidence Costa<\/h4><p class=\"caption\">Vue sur l&#039;entr\u00e9e<\/p><\/div><\/a><\/div>\n\n<div class=\"carousel-slider__item\">\n\t<a class=\"magnific-popup\" href=\"https:\/\/www.kahimm.com\/wp-content\/uploads\/2020\/12\/costa_interieur_1_bis.jpg\" data-width=\"342\" data-height=\"342\"><img loading=\"lazy\" decoding=\"async\" width=\"342\" height=\"342\" src=\"https:\/\/www.kahimm.com\/wp-content\/uploads\/2020\/12\/costa_interieur_1_bis.jpg\" class=\"attachment-medium_large size-medium_large\" alt=\"vue int\u00e9rieur chambre r\u00e9sidence costa\" srcset=\"https:\/\/www.kahimm.com\/wp-content\/uploads\/2020\/12\/costa_interieur_1_bis.jpg 342w, https:\/\/www.kahimm.com\/wp-content\/uploads\/2020\/12\/costa_interieur_1_bis-300x300.jpg 300w, https:\/\/www.kahimm.com\/wp-content\/uploads\/2020\/12\/costa_interieur_1_bis-150x150.jpg 150w\" sizes=\"auto, (max-width: 342px) 100vw, 342px\" \/><div class=\"carousel-slider__caption\"><h4 class=\"title\">R\u00e9sidence Costa<\/h4><p class=\"caption\">Int\u00e9rieur chambre<\/p><\/div><\/a><\/div>\n\n<div class=\"carousel-slider__item\">\n\t<a class=\"magnific-popup\" href=\"https:\/\/www.kahimm.com\/wp-content\/uploads\/2020\/12\/costa_mer-1.jpg\" data-width=\"342\" data-height=\"342\"><img loading=\"lazy\" decoding=\"async\" width=\"342\" height=\"342\" src=\"https:\/\/www.kahimm.com\/wp-content\/uploads\/2020\/12\/costa_mer-1.jpg\" class=\"attachment-medium_large size-medium_large\" alt=\"vue depuis la mer sur la r\u00e9sidence costa\" srcset=\"https:\/\/www.kahimm.com\/wp-content\/uploads\/2020\/12\/costa_mer-1.jpg 342w, https:\/\/www.kahimm.com\/wp-content\/uploads\/2020\/12\/costa_mer-1-300x300.jpg 300w, https:\/\/www.kahimm.com\/wp-content\/uploads\/2020\/12\/costa_mer-1-150x150.jpg 150w\" sizes=\"auto, (max-width: 342px) 100vw, 342px\" \/><div class=\"carousel-slider__caption\"><h4 class=\"title\">R\u00e9sidence Costa<\/h4><p class=\"caption\">Vu de mer <\/p><\/div><\/a><\/div>\n\n<div class=\"carousel-slider__item\">\n\t<a class=\"magnific-popup\" href=\"https:\/\/www.kahimm.com\/wp-content\/uploads\/2020\/12\/costa_picsine_plage_bis.jpg\" data-width=\"342\" data-height=\"342\"><img loading=\"lazy\" decoding=\"async\" width=\"342\" height=\"342\" src=\"https:\/\/www.kahimm.com\/wp-content\/uploads\/2020\/12\/costa_picsine_plage_bis.jpg\" class=\"attachment-medium_large size-medium_large\" alt=\"\" srcset=\"https:\/\/www.kahimm.com\/wp-content\/uploads\/2020\/12\/costa_picsine_plage_bis.jpg 342w, https:\/\/www.kahimm.com\/wp-content\/uploads\/2020\/12\/costa_picsine_plage_bis-300x300.jpg 300w, https:\/\/www.kahimm.com\/wp-content\/uploads\/2020\/12\/costa_picsine_plage_bis-150x150.jpg 150w\" sizes=\"auto, (max-width: 342px) 100vw, 342px\" \/><div class=\"carousel-slider__caption\"><h4 class=\"title\">R\u00e9sidence Costa<\/h4><p class=\"caption\">Vue sur jardin et piscine<\/p><\/div><\/a><\/div>\n\n<div class=\"carousel-slider__item\">\n\t<a class=\"magnific-popup\" href=\"https:\/\/www.kahimm.com\/wp-content\/uploads\/2020\/12\/costa_interieur_2-1.jpg\" data-width=\"342\" data-height=\"342\"><img loading=\"lazy\" decoding=\"async\" width=\"342\" height=\"342\" src=\"https:\/\/www.kahimm.com\/wp-content\/uploads\/2020\/12\/costa_interieur_2-1.jpg\" class=\"attachment-medium_large size-medium_large\" alt=\"\" srcset=\"https:\/\/www.kahimm.com\/wp-content\/uploads\/2020\/12\/costa_interieur_2-1.jpg 342w, https:\/\/www.kahimm.com\/wp-content\/uploads\/2020\/12\/costa_interieur_2-1-300x300.jpg 300w, https:\/\/www.kahimm.com\/wp-content\/uploads\/2020\/12\/costa_interieur_2-1-150x150.jpg 150w\" sizes=\"auto, (max-width: 342px) 100vw, 342px\" \/><div class=\"carousel-slider__caption\"><h4 class=\"title\">R\u00e9sidence Costa<\/h4><p class=\"caption\">Int\u00e9rieur salon<\/p><\/div><\/a><\/div>\n\n<div class=\"carousel-slider__item\">\n\t<a class=\"magnific-popup\" href=\"https:\/\/www.kahimm.com\/wp-content\/uploads\/2020\/12\/costa_jardin-1.jpg\" data-width=\"342\" data-height=\"342\"><img loading=\"lazy\" decoding=\"async\" width=\"342\" height=\"342\" src=\"https:\/\/www.kahimm.com\/wp-content\/uploads\/2020\/12\/costa_jardin-1.jpg\" class=\"attachment-medium_large size-medium_large\" alt=\"\" srcset=\"https:\/\/www.kahimm.com\/wp-content\/uploads\/2020\/12\/costa_jardin-1.jpg 342w, https:\/\/www.kahimm.com\/wp-content\/uploads\/2020\/12\/costa_jardin-1-300x300.jpg 300w, https:\/\/www.kahimm.com\/wp-content\/uploads\/2020\/12\/costa_jardin-1-150x150.jpg 150w\" sizes=\"auto, (max-width: 342px) 100vw, 342px\" \/><div class=\"carousel-slider__caption\"><h4 class=\"title\">R\u00e9sidence Costa<\/h4><p class=\"caption\">Vue sur jardin<\/p><\/div><\/a><\/div>\n\n<div class=\"carousel-slider__item\">\n\t<a class=\"magnific-popup\" href=\"https:\/\/www.kahimm.com\/wp-content\/uploads\/2020\/12\/costa_piscine-1.jpg\" data-width=\"342\" data-height=\"342\"><img loading=\"lazy\" decoding=\"async\" width=\"342\" height=\"342\" src=\"https:\/\/www.kahimm.com\/wp-content\/uploads\/2020\/12\/costa_piscine-1.jpg\" class=\"attachment-medium_large size-medium_large\" alt=\"\" srcset=\"https:\/\/www.kahimm.com\/wp-content\/uploads\/2020\/12\/costa_piscine-1.jpg 342w, https:\/\/www.kahimm.com\/wp-content\/uploads\/2020\/12\/costa_piscine-1-300x300.jpg 300w, https:\/\/www.kahimm.com\/wp-content\/uploads\/2020\/12\/costa_piscine-1-150x150.jpg 150w\" sizes=\"auto, (max-width: 342px) 100vw, 342px\" \/><div class=\"carousel-slider__caption\"><h4 class=\"title\">R\u00e9sidence Costa<\/h4><p class=\"caption\">Vue sur piscine<\/p><\/div><\/a><\/div>\n\n<\/div><!-- .carousel-slider-7701 -->\n<\/div><!-- .carousel-slider-outer-7701 -->\n<\/div>\n","protected":false},"excerpt":{"rendered":"<p>Journ\u00e9es portes ouvertes COSTA Envie d\u2019un appartement front de mer haut standing ? Alors venez visiter notre nouveau projet, R\u00e9sidence Costa, directement sur la plage \u00e0 Chott Meriem, Sousse \u00e0 l\u2019occasion du weekend portes ouvertes. Date: le samedi 12 et dimanche 13 Aout de 9h \u00e0 18h &nbsp; Lieu: R\u00e9sidence Costa Route Touristique Chott Mariem [&hellip;]<\/p>\n","protected":false},"author":24,"featured_media":0,"parent":0,"menu_order":0,"comment_status":"closed","ping_status":"closed","template":"","meta":{"footnotes":""},"class_list":["post-11872","page","type-page","status-publish","hentry"],"_links":{"self":[{"href":"https:\/\/www.kahimm.com\/fr\/wp-json\/wp\/v2\/pages\/11872","targetHints":{"allow":["GET"]}}],"collection":[{"href":"https:\/\/www.kahimm.com\/fr\/wp-json\/wp\/v2\/pages"}],"about":[{"href":"https:\/\/www.kahimm.com\/fr\/wp-json\/wp\/v2\/types\/page"}],"author":[{"embeddable":true,"href":"https:\/\/www.kahimm.com\/fr\/wp-json\/wp\/v2\/users\/24"}],"replies":[{"embeddable":true,"href":"https:\/\/www.kahimm.com\/fr\/wp-json\/wp\/v2\/comments?post=11872"}],"version-history":[{"count":21,"href":"https:\/\/www.kahimm.com\/fr\/wp-json\/wp\/v2\/pages\/11872\/revisions"}],"predecessor-version":[{"id":17017,"href":"https:\/\/www.kahimm.com\/fr\/wp-json\/wp\/v2\/pages\/11872\/revisions\/17017"}],"wp:attachment":[{"href":"https:\/\/www.kahimm.com\/fr\/wp-json\/wp\/v2\/media?parent=11872"}],"curies":[{"name":"wp","href":"https:\/\/api.w.org\/{rel}","templated":true}]}}