{"id":11799,"date":"2021-10-25T15:15:55","date_gmt":"2021-10-25T13:15:55","guid":{"rendered":"https:\/\/kahimm.com\/?page_id=11799"},"modified":"2021-12-03T14:18:16","modified_gmt":"2021-12-03T13:18:16","slug":"formulaire-inscription-evenement","status":"publish","type":"page","link":"https:\/\/www.kahimm.com\/fr\/formulaire-inscription-evenement\/","title":{"rendered":"Formulaire Inscription Evenement"},"content":{"rendered":"<h2>Participation confirm\u00e9 ! <\/h2>\r\n\r\n\r\n<p>Votre participation a bien \u00e9t\u00e9 confirm\u00e9e.<\/p>\r\n\r\n\r\n\r\n<p>Nous serons heureux de vous accueillir parmi nous \u00e0 R\u00e9sidence BOUSTEN.<\/p>\r\n","protected":false},"excerpt":{"rendered":"<p>Participation confirm\u00e9 ! Votre participation a bien \u00e9t\u00e9 confirm\u00e9e. Nous serons heureux de vous accueillir parmi nous \u00e0 R\u00e9sidence BOUSTEN.<\/p>\n","protected":false},"author":24,"featured_media":0,"parent":0,"menu_order":0,"comment_status":"closed","ping_status":"closed","template":"","meta":{"footnotes":""},"class_list":["post-11799","page","type-page","status-publish","hentry"],"_links":{"self":[{"href":"https:\/\/www.kahimm.com\/fr\/wp-json\/wp\/v2\/pages\/11799","targetHints":{"allow":["GET"]}}],"collection":[{"href":"https:\/\/www.kahimm.com\/fr\/wp-json\/wp\/v2\/pages"}],"about":[{"href":"https:\/\/www.kahimm.com\/fr\/wp-json\/wp\/v2\/types\/page"}],"author":[{"embeddable":true,"href":"https:\/\/www.kahimm.com\/fr\/wp-json\/wp\/v2\/users\/24"}],"replies":[{"embeddable":true,"href":"https:\/\/www.kahimm.com\/fr\/wp-json\/wp\/v2\/comments?post=11799"}],"version-history":[{"count":4,"href":"https:\/\/www.kahimm.com\/fr\/wp-json\/wp\/v2\/pages\/11799\/revisions"}],"predecessor-version":[{"id":12241,"href":"https:\/\/www.kahimm.com\/fr\/wp-json\/wp\/v2\/pages\/11799\/revisions\/12241"}],"wp:attachment":[{"href":"https:\/\/www.kahimm.com\/fr\/wp-json\/wp\/v2\/media?parent=11799"}],"curies":[{"name":"wp","href":"https:\/\/api.w.org\/{rel}","templated":true}]}}